{"id":11,"date":"2019-12-20T13:57:40","date_gmt":"2019-12-20T13:57:40","guid":{"rendered":"https:\/\/chapters.w3.org\/france\/?page_id=11"},"modified":"2021-02-09T17:01:51","modified_gmt":"2021-02-09T20:01:51","slug":"index","status":"publish","type":"page","link":"https:\/\/chapters.w3.org\/sao-paulo\/","title":{"rendered":"W3C Cap\u00edtulo S\u00e3o Paulo"},"content":{"rendered":"\n<figure class=\"wp-block-image size-large\"><img loading=\"lazy\" decoding=\"async\" width=\"1024\" height=\"342\" src=\"https:\/\/chapters.w3.org\/sao-paulo\/wp-content\/uploads\/sites\/14\/2021\/01\/Prancheta-25-1024x342.png\" alt=\"\" class=\"wp-image-103\" srcset=\"https:\/\/chapters.w3.org\/sao-paulo\/wp-content\/uploads\/sites\/14\/2021\/01\/Prancheta-25-1024x342.png 1024w, https:\/\/chapters.w3.org\/sao-paulo\/wp-content\/uploads\/sites\/14\/2021\/01\/Prancheta-25-300x100.png 300w, https:\/\/chapters.w3.org\/sao-paulo\/wp-content\/uploads\/sites\/14\/2021\/01\/Prancheta-25-768x256.png 768w, https:\/\/chapters.w3.org\/sao-paulo\/wp-content\/uploads\/sites\/14\/2021\/01\/Prancheta-25-1200x401.png 1200w, https:\/\/chapters.w3.org\/sao-paulo\/wp-content\/uploads\/sites\/14\/2021\/01\/Prancheta-25.png 1501w\" sizes=\"auto, (max-width: 1024px) 100vw, 1024px\" \/><\/figure>\n\n\n\n<p class=\"has-text-align-center\"><strong>Bem vindo ao W3C Cap\u00edtulo S\u00e3o Paulo! <\/strong><\/p>\n\n\n\n<p class=\"has-text-align-left\"><br>Um Cap\u00edtulo do W3C \u00e9 uma comunidade geogr\u00e1fica ou baseada em interesses de indiv\u00edduos associados a organiza\u00e7\u00f5es membros e n\u00e3o membros do W3C que est\u00e3o interessadas nas atividades do W3C.<\/p>\n\n\n\n<p class=\"has-text-align-left\">Aqui, voc\u00ea encontrar\u00e1 iniciativas em S\u00e3o Paulo sobre o desenvolvimento de uma Web aberta, para todos, em qualquer lugar e em qualquer dispositivo.<\/p>\n\n\n\n<p>Acompanhe as nossas redes sociais!<\/p>\n","protected":false},"excerpt":{"rendered":"<p>Bem vindo ao W3C Cap\u00edtulo S\u00e3o Paulo! Um Cap\u00edtulo do W3C \u00e9 uma comunidade geogr\u00e1fica ou baseada em interesses de indiv\u00edduos associados a organiza\u00e7\u00f5es membros e n\u00e3o membros do W3C [&hellip;]<\/p>\n","protected":false},"author":7,"featured_media":0,"parent":0,"menu_order":0,"comment_status":"closed","ping_status":"closed","template":"","meta":{"_uag_custom_page_level_css":"","footnotes":""},"class_list":["post-11","page","type-page","status-publish","hentry"],"uagb_featured_image_src":{"full":false,"thumbnail":false,"medium":false,"medium_large":false,"large":false,"1536x1536":false,"2048x2048":false,"post-thumbnail":false,"twentytwenty-fullscreen":false},"uagb_author_info":{"display_name":"J. Alan Bird","author_link":"https:\/\/chapters.w3.org\/sao-paulo\/author\/abird\/"},"uagb_comment_info":0,"uagb_excerpt":"Bem vindo ao W3C Cap\u00edtulo S\u00e3o Paulo! Um Cap\u00edtulo do W3C \u00e9 uma comunidade geogr\u00e1fica ou baseada em interesses de indiv\u00edduos associados a organiza\u00e7\u00f5es membros e n\u00e3o membros do W3C [&hellip;]","_links":{"self":[{"href":"https:\/\/chapters.w3.org\/sao-paulo\/wp-json\/wp\/v2\/pages\/11","targetHints":{"allow":["GET"]}}],"collection":[{"href":"https:\/\/chapters.w3.org\/sao-paulo\/wp-json\/wp\/v2\/pages"}],"about":[{"href":"https:\/\/chapters.w3.org\/sao-paulo\/wp-json\/wp\/v2\/types\/page"}],"author":[{"embeddable":true,"href":"https:\/\/chapters.w3.org\/sao-paulo\/wp-json\/wp\/v2\/users\/7"}],"replies":[{"embeddable":true,"href":"https:\/\/chapters.w3.org\/sao-paulo\/wp-json\/wp\/v2\/comments?post=11"}],"version-history":[{"count":24,"href":"https:\/\/chapters.w3.org\/sao-paulo\/wp-json\/wp\/v2\/pages\/11\/revisions"}],"predecessor-version":[{"id":159,"href":"https:\/\/chapters.w3.org\/sao-paulo\/wp-json\/wp\/v2\/pages\/11\/revisions\/159"}],"wp:attachment":[{"href":"https:\/\/chapters.w3.org\/sao-paulo\/wp-json\/wp\/v2\/media?parent=11"}],"curies":[{"name":"wp","href":"https:\/\/api.w.org\/{rel}","templated":true}]}}