{"id":467,"date":"2022-07-19T11:56:45","date_gmt":"2022-07-19T09:56:45","guid":{"rendered":"https:\/\/chapters.w3.org\/hispano\/?page_id=467"},"modified":"2022-07-19T12:15:57","modified_gmt":"2022-07-19T10:15:57","slug":"politica-de-privacidad","status":"publish","type":"page","link":"https:\/\/chapters.w3.org\/hispano\/politica-de-privacidad\/","title":{"rendered":"Pol\u00edtica de privacidad"},"content":{"rendered":"\n<p>En aras del cumplimiento del <strong>Reglamento (UE) 2016\/679 del Parlamento Europeo y del Consejo, de 27 de abril de 2016<\/strong>, relativo a la protecci\u00f3n de las personas f\u00edsicas en lo que respecta al tratamiento de datos personales y a la libre circulaci\u00f3n de estos datos, as\u00ed como de la <strong>Ley Org\u00e1nica 3\/2018, de 5 de diciembre, de Protecci\u00f3n de datos Personales y Garant\u00eda de los derechos digitales<\/strong>, se desarrolla esta pol\u00edtica de privacidad.<\/p>\n\n\n\n<p>En todo momento se adoptan las medidas t\u00e9cnicas y de organizaci\u00f3n necesarias para garantizar la seguridad e integridad de los datos de car\u00e1cter personal que trate, as\u00ed como para evitar su p\u00e9rdida, alteraci\u00f3n y\/o acceso por parte de terceros no autorizados.<\/p>\n\n\n\n<h3 class=\"wp-block-heading\">\u00bfQui\u00e9n es el responsable del tratamiento de los datos?<\/h3>\n\n\n\n<p>Fundaci\u00f3n CTIC, con domicilio social en la c\/Ada Byron, 39 Edificio Centros Tecnol\u00f3gicos Cabue\u00f1es s\/n, 33203 Gij\u00f3n con CIF G-33906637, tel\u00e9fono 984291212 y correo electr\u00f3nico: <a href=\"mailto:ctic@ctic.es\">ctic@ctic.es<\/a><\/p>\n\n\n\n<h3 class=\"wp-block-heading\">\u00bfCu\u00e1l es la legitimaci\u00f3n para el tratamiento de sus datos?<\/h3>\n\n\n\n<p>Con la cumplimentaci\u00f3n del formulario y la aceptaci\u00f3n de la pol\u00edtica de privacidad, usted otorga su consentimiento, que ser\u00e1 informado expresamente en cada uno de los formularios o apartados de la web donde se le requieran.<\/p>\n\n\n\n<p>La base legal para el tratamiento de sus datos es su consentimiento.<\/p>\n\n\n\n<p>Los datos que se solicitan a trav\u00e9s de la web en campos marcados con asterisco, son obligatorios, ya que son necesarios para la prestaci\u00f3n de un servicio \u00f3ptimo a la persona usuaria. En caso de que no sean facilitados todos los datos, no se garantiza que la informaci\u00f3n y servicios facilitados sean completamente ajustados a sus necesidades<\/p>\n\n\n\n<h3 class=\"wp-block-heading\">\u00bfCon qu\u00e9 finalidad tratamos los datos personales facilitados?<\/h3>\n\n\n\n<ul class=\"wp-block-list\"><li>Gestionar el contacto con la persona interesada a trav\u00e9s de los medios de comunicaci\u00f3n facilitados a fin de resolver las consultas que se nos hagan llegar a trav\u00e9s de los canales habilitados a tal efecto.<\/li><li>Atender las consultas y solicitudes que se hagan llegar a trav\u00e9s de los formularios de contacto.<\/li><\/ul>\n\n\n\n<h3 class=\"wp-block-heading\">\u00bfCu\u00e1nto tiempo conservamos sus datos personales?<\/h3>\n\n\n\n<p>Fundaci\u00f3n CTIC <strong>solo conserva sus datos personales durante el tiempo imprescindible <\/strong>y necesario por cada finalidad del tratamiento, siendo el plazo de conservaci\u00f3n de sus datos mientras se mantenga la relaci\u00f3n de licitud de tratamiento o la persona interesada no solicite supresi\u00f3n de la misma.<\/p>\n\n\n\n<h3 class=\"wp-block-heading\">Destinatarios<\/h3>\n\n\n\n<p>Los datos no se comunicar\u00e1n a terceros, salvo en los casos de los encargados de tratamiento de entidades contratadas o subcontratadas para la ejecuci\u00f3n de determinadas actividades, para los mismos fines descritos en el apartado finalidad y con los que se formaliza el correspondiente contrato acorde a la normativa en protecci\u00f3n de datos.<\/p>\n\n\n\n<h3 class=\"wp-block-heading\">Derechos del interesado\/a<\/h3>\n\n\n\n<p>La persona interesada podr\u00e1 ejercer los siguientes derechos:<\/p>\n\n\n\n<ul class=\"wp-block-list\"><li>Derecho a solicitar el acceso a sus datos personales.<\/li><li>Derecho de acceso a sus datos personales, as\u00ed como a solicitar la rectificaci\u00f3n de los datos inexactos o, en su caso, solicitar su supresi\u00f3n.<\/li><li>Derecho a solicitar la limitaci\u00f3n del tratamiento de sus datos.<\/li><li>Derecho a oponerse al tratamiento de sus datos personales.<\/li><li>Derecho a la portabilidad de los datos por el cual pueden obtener los datos personales que les incumben en un formato estructurado de uso com\u00fan y lectura mec\u00e1nica y a transmitirlos a otro responsable.<\/li><li>Derecho a retirar el consentimiento dado, en cualquier momento.<\/li><\/ul>\n\n\n\n<p>Estos derechos podr\u00e1n ser ejercitados dirigi\u00e9ndose a la direcci\u00f3n de correo electr\u00f3nico <a href=\"mailto:ctic@ctic.es\">ctic@ctic.es<\/a>, debiendo acreditar la&nbsp;identidad e indicando el derecho que se desea ejercitar.<\/p>\n\n\n\n<h3 class=\"wp-block-heading\">Modificaci\u00f3n en la pol\u00edtica de privacidad<\/h3>\n\n\n\n<p>Fundaci\u00f3n CTIC se reserva el derecho a efectuar cuantas modificaciones, variaciones o supresiones en los contenidos y forma de la presente pol\u00edtica de privacidad a fin de adaptarla a las novedades lesgislativas o jurisprudenciales. En dichos supuestos, se notificar\u00e1n estas variaciones a trav\u00e9s de correo electr\u00f3nico de contacto.<\/p>\n","protected":false},"excerpt":{"rendered":"<p>En aras del cumplimiento del Reglamento (UE) 2016\/679 del Parlamento Europeo y del Consejo, de 27 de abril de 2016, relativo a la protecci\u00f3n de las personas f\u00edsicas en lo [&hellip;]<\/p>\n","protected":false},"author":26,"featured_media":0,"parent":0,"menu_order":0,"comment_status":"closed","ping_status":"closed","template":"templates\/template-full-width.php","meta":{"_uag_custom_page_level_css":"","footnotes":""},"class_list":["post-467","page","type-page","status-publish","hentry"],"uagb_featured_image_src":{"full":false,"thumbnail":false,"medium":false,"medium_large":false,"large":false,"1536x1536":false,"2048x2048":false,"post-thumbnail":false,"twentytwenty-fullscreen":false},"uagb_author_info":{"display_name":"W3C Spanish","author_link":"https:\/\/chapters.w3.org\/hispano\/author\/lmeijuei\/"},"uagb_comment_info":0,"uagb_excerpt":"En aras del cumplimiento del Reglamento (UE) 2016\/679 del Parlamento Europeo y del Consejo, de 27 de abril de 2016, relativo a la protecci\u00f3n de las personas f\u00edsicas en lo [&hellip;]","_links":{"self":[{"href":"https:\/\/chapters.w3.org\/hispano\/wp-json\/wp\/v2\/pages\/467","targetHints":{"allow":["GET"]}}],"collection":[{"href":"https:\/\/chapters.w3.org\/hispano\/wp-json\/wp\/v2\/pages"}],"about":[{"href":"https:\/\/chapters.w3.org\/hispano\/wp-json\/wp\/v2\/types\/page"}],"author":[{"embeddable":true,"href":"https:\/\/chapters.w3.org\/hispano\/wp-json\/wp\/v2\/users\/26"}],"replies":[{"embeddable":true,"href":"https:\/\/chapters.w3.org\/hispano\/wp-json\/wp\/v2\/comments?post=467"}],"version-history":[{"count":5,"href":"https:\/\/chapters.w3.org\/hispano\/wp-json\/wp\/v2\/pages\/467\/revisions"}],"predecessor-version":[{"id":473,"href":"https:\/\/chapters.w3.org\/hispano\/wp-json\/wp\/v2\/pages\/467\/revisions\/473"}],"wp:attachment":[{"href":"https:\/\/chapters.w3.org\/hispano\/wp-json\/wp\/v2\/media?parent=467"}],"curies":[{"name":"wp","href":"https:\/\/api.w.org\/{rel}","templated":true}]}}