{"id":246,"date":"2021-10-21T10:17:33","date_gmt":"2021-10-21T08:17:33","guid":{"rendered":"https:\/\/chapters.w3.org\/hispano\/?page_id=246"},"modified":"2023-07-13T10:36:36","modified_gmt":"2023-07-13T08:36:36","slug":"como-participar","status":"publish","type":"page","link":"https:\/\/chapters.w3.org\/hispano\/como-participar\/","title":{"rendered":"C\u00f3mo participar"},"content":{"rendered":"\n<p>La <strong>forma principal de contribuir<\/strong> en el desarrollo de los <strong><a href=\"https:\/\/chapters.w3.org\/hispano\/estandares-y-grupos\/\">est\u00e1ndares Web<\/a><\/strong> es hacerlo mediante los <a href=\"https:\/\/www.w3.org\/groups\/wg\/\"><strong>grupos de trabajo W3C<\/strong><\/a> (W3C Working Groups), ya que son los responsables del desarrollo de las Recomendaciones W3C. Para ello, deber\u00e1 ser miembro del W3C, asoci\u00e1ndose como organizaci\u00f3n o como individuo y abonando la correspondiente <a href=\"https:\/\/www.w3.org\/Consortium\/fees\">cuota<\/a> anual, la cual  var\u00eda en funci\u00f3n de los ingresos anuales, el tipo y la ubicaci\u00f3n geogr\u00e1fica de la sede de la organizaci\u00f3n miembro. Puede ver <a href=\"https:\/\/chapters.w3.org\/hispano\/hispanic-america-chapters\/#miembros-es\">aqu\u00ed<\/a> los actuales miembros W3C en la comunidad hispanohablante.<\/p>\n\n\n\n<p>Muchos miembros suelen dedicar importantes recursos a las tecnolog\u00edas Web, ya sea desarrollando productos basados en ellas, usando las tecnolog\u00edas Web como medio habilitador, investigando sobre la Web o creando especificaciones basadas en el trabajo del W3C. Cada nuevo miembro localiza la especificaci\u00f3n concreta en la que desea colaborar, averigua el grupo encargado de ella y revisa el archivo de mensajes publicados en la lista de correo. As\u00ed comprueba si ya existe alguna cuesti\u00f3n similar previa, y si no, puede redactar y enviar su propuesta, revisando y participando luego en el debate generado, etc.<\/p>\n\n\n\n<p>Adem\u00e1s, hay otras opciones para participar, como son los <a href=\"https:\/\/www.w3.org\/groups\/cg\/\"><strong>grupos comunitarios<\/strong><\/a> (W3C Community Groups) y <a href=\"https:\/\/www.w3.org\/groups\/bg\/\"><strong>grupos de negocio<\/strong><\/a> (W3C Business Groups). <\/p>\n\n\n<div class=\"wp-block-image\">\n<figure class=\"aligncenter size-large is-resized\"><img loading=\"lazy\" decoding=\"async\" src=\"https:\/\/chapters.w3.org\/hispano\/wp-content\/uploads\/sites\/16\/2021\/10\/Screenshot-2021-10-21-at-11-05-44-Community-and-Business-Groups.png\" alt=\"W3C Community &amp; Busicess\" class=\"wp-image-260\" width=\"529\" height=\"176\" srcset=\"https:\/\/chapters.w3.org\/hispano\/wp-content\/uploads\/sites\/16\/2021\/10\/Screenshot-2021-10-21-at-11-05-44-Community-and-Business-Groups.png 536w, https:\/\/chapters.w3.org\/hispano\/wp-content\/uploads\/sites\/16\/2021\/10\/Screenshot-2021-10-21-at-11-05-44-Community-and-Business-Groups-300x100.png 300w\" sizes=\"auto, (max-width: 529px) 100vw, 529px\" \/><\/figure>\n<\/div>\n\n\n<p>Estos grupos surgen por iniciativa de la propia comunidad, es decir, <strong>cualquier persona u organizaci\u00f3n puede proponerlos<\/strong>, incluso sin ser un miembro socio del W3C, y hacen posible que cualquiera comparta con la comunidad sus ideas, y que las empresas accedan a la experiencia y la comunidad necesarias para desarrollar la tecnolog\u00eda Web abierta que demandan.<\/p>\n\n\n<div class=\"wp-block-image\">\n<figure class=\"aligncenter size-large is-resized\"><img loading=\"lazy\" decoding=\"async\" src=\"https:\/\/chapters.w3.org\/hispano\/wp-content\/uploads\/sites\/16\/2021\/10\/Captura-de-pantalla-2021-10-21-a-las-11.03.14-1024x189.png\" alt=\"W3C Developers\" class=\"wp-image-261\" width=\"537\" height=\"98\" srcset=\"https:\/\/chapters.w3.org\/hispano\/wp-content\/uploads\/sites\/16\/2021\/10\/Captura-de-pantalla-2021-10-21-a-las-11.03.14-1024x189.png 1024w, https:\/\/chapters.w3.org\/hispano\/wp-content\/uploads\/sites\/16\/2021\/10\/Captura-de-pantalla-2021-10-21-a-las-11.03.14-300x56.png 300w, https:\/\/chapters.w3.org\/hispano\/wp-content\/uploads\/sites\/16\/2021\/10\/Captura-de-pantalla-2021-10-21-a-las-11.03.14-768x142.png 768w, https:\/\/chapters.w3.org\/hispano\/wp-content\/uploads\/sites\/16\/2021\/10\/Captura-de-pantalla-2021-10-21-a-las-11.03.14-1200x222.png 1200w, https:\/\/chapters.w3.org\/hispano\/wp-content\/uploads\/sites\/16\/2021\/10\/Captura-de-pantalla-2021-10-21-a-las-11.03.14.png 1481w\" sizes=\"auto, (max-width: 537px) 100vw, 537px\" \/><\/figure>\n<\/div>\n\n\n<p>Otra <strong>forma sencilla de aportar ideas<\/strong>, cuando a\u00fan no est\u00e1n lo suficientemente maduras como para convertirse en una especificaci\u00f3n, es hacerlo desde el <a href=\"https:\/\/discourse.wicg.io\/\"><strong>foro Discourse<\/strong><\/a>. Es una herramienta ofrecida desde el grupo comunitario <a href=\"https:\/\/wicg.io\/\">Web Platform Incubator<\/a> como lugar de encuentro donde proponer y debatir nuevas caracter\u00edsticas de la plataforma Web. <\/p>\n\n\n\n<p>Finalmente, tambi\u00e9n puede hacerse <strong>Amigo del W3C<\/strong>, realizando un <a href=\"https:\/\/www.w3.org\/support\/\"><strong>donativo<\/strong><\/a> que contribuye a que el W3C pueda seguir desarrollando su misi\u00f3n y ofreciendo numerosos servicios de forma gratuita.<\/p>\n\n\n\n<blockquote class=\"wp-block-quote is-layout-flow wp-block-quote-is-layout-flow\">\n<p>Si quiere conocer m\u00e1s detalles sobre los <a href=\"https:\/\/www.w3.org\/Consortium\/membership-benefits\">beneficios de ser miembro del W3C<\/a>, busca ayuda para iniciarse en el proceso de participaci\u00f3n en el W3C, o necesita resolver alguna duda , p\u00f3ngase en <a href=\"https:\/\/chapters.w3.org\/spain\/contact\/\">contacto<\/a> con nosotros.<\/p>\n<\/blockquote>\n\n\n\n<figure class=\"wp-block-embed is-type-video is-provider-youtube wp-block-embed-youtube wp-embed-aspect-16-9 wp-has-aspect-ratio\"><div class=\"wp-block-embed__wrapper\">\n<iframe loading=\"lazy\" title=\"Benefits and Roles of W3C Members\" width=\"580\" height=\"326\" src=\"https:\/\/www.youtube.com\/embed\/y8tEWtxd8uw?feature=oembed\" frameborder=\"0\" allow=\"accelerometer; autoplay; clipboard-write; encrypted-media; gyroscope; picture-in-picture; web-share\" referrerpolicy=\"strict-origin-when-cross-origin\" allowfullscreen><\/iframe>\n<\/div><\/figure>\n","protected":false},"excerpt":{"rendered":"<p>La forma principal de contribuir en el desarrollo de los est\u00e1ndares Web es hacerlo mediante los grupos de trabajo W3C (W3C Working Groups), ya que son los responsables del desarrollo [&hellip;]<\/p>\n","protected":false},"author":26,"featured_media":931,"parent":0,"menu_order":0,"comment_status":"closed","ping_status":"closed","template":"templates\/template-full-width.php","meta":{"_uag_custom_page_level_css":"","footnotes":""},"class_list":["post-246","page","type-page","status-publish","has-post-thumbnail","hentry"],"uagb_featured_image_src":{"full":["https:\/\/chapters.w3.org\/hispano\/wp-content\/uploads\/sites\/16\/2023\/05\/groups-w3c.png",1399,764,false],"thumbnail":["https:\/\/chapters.w3.org\/hispano\/wp-content\/uploads\/sites\/16\/2023\/05\/groups-w3c-150x150.png",150,150,true],"medium":["https:\/\/chapters.w3.org\/hispano\/wp-content\/uploads\/sites\/16\/2023\/05\/groups-w3c-300x164.png",300,164,true],"medium_large":["https:\/\/chapters.w3.org\/hispano\/wp-content\/uploads\/sites\/16\/2023\/05\/groups-w3c-768x419.png",580,316,true],"large":["https:\/\/chapters.w3.org\/hispano\/wp-content\/uploads\/sites\/16\/2023\/05\/groups-w3c-1024x559.png",580,317,true],"1536x1536":["https:\/\/chapters.w3.org\/hispano\/wp-content\/uploads\/sites\/16\/2023\/05\/groups-w3c.png",1399,764,false],"2048x2048":["https:\/\/chapters.w3.org\/hispano\/wp-content\/uploads\/sites\/16\/2023\/05\/groups-w3c.png",1399,764,false],"post-thumbnail":["https:\/\/chapters.w3.org\/hispano\/wp-content\/uploads\/sites\/16\/2023\/05\/groups-w3c-1200x655.png",1200,655,true],"twentytwenty-fullscreen":["https:\/\/chapters.w3.org\/hispano\/wp-content\/uploads\/sites\/16\/2023\/05\/groups-w3c.png",1399,764,false]},"uagb_author_info":{"display_name":"W3C Spanish","author_link":"https:\/\/chapters.w3.org\/hispano\/author\/lmeijuei\/"},"uagb_comment_info":0,"uagb_excerpt":"La forma principal de contribuir en el desarrollo de los est\u00e1ndares Web es hacerlo mediante los grupos de trabajo W3C (W3C Working Groups), ya que son los responsables del desarrollo [&hellip;]","_links":{"self":[{"href":"https:\/\/chapters.w3.org\/hispano\/wp-json\/wp\/v2\/pages\/246","targetHints":{"allow":["GET"]}}],"collection":[{"href":"https:\/\/chapters.w3.org\/hispano\/wp-json\/wp\/v2\/pages"}],"about":[{"href":"https:\/\/chapters.w3.org\/hispano\/wp-json\/wp\/v2\/types\/page"}],"author":[{"embeddable":true,"href":"https:\/\/chapters.w3.org\/hispano\/wp-json\/wp\/v2\/users\/26"}],"replies":[{"embeddable":true,"href":"https:\/\/chapters.w3.org\/hispano\/wp-json\/wp\/v2\/comments?post=246"}],"version-history":[{"count":52,"href":"https:\/\/chapters.w3.org\/hispano\/wp-json\/wp\/v2\/pages\/246\/revisions"}],"predecessor-version":[{"id":1041,"href":"https:\/\/chapters.w3.org\/hispano\/wp-json\/wp\/v2\/pages\/246\/revisions\/1041"}],"wp:featuredmedia":[{"embeddable":true,"href":"https:\/\/chapters.w3.org\/hispano\/wp-json\/wp\/v2\/media\/931"}],"wp:attachment":[{"href":"https:\/\/chapters.w3.org\/hispano\/wp-json\/wp\/v2\/media?parent=246"}],"curies":[{"name":"wp","href":"https:\/\/api.w.org\/{rel}","templated":true}]}}