{"id":146,"date":"2021-01-04T18:45:00","date_gmt":"2021-01-04T17:45:00","guid":{"rendered":"https:\/\/chapters.w3.org\/spain\/?page_id=146"},"modified":"2021-10-19T09:06:40","modified_gmt":"2021-10-19T07:06:40","slug":"requisitos","status":"publish","type":"page","link":"https:\/\/chapters.w3.org\/hispano\/requisitos\/","title":{"rendered":"Requisitos"},"content":{"rendered":"\n<h2 class=\"wp-block-heading\">Funciones<\/h2>\n\n\n\n<p>Adem\u00e1s de aumentar la diversidad de organizaciones que participan activamente en el trabajo del W3C (incluyendo la industria, la investigaci\u00f3n, los implementadores y las comunidades de usuarios), las funciones principales de los Chapters del W3C son:<\/p>\n\n\n\n<ul class=\"wp-block-list\"><li>Dar apoyo a los Miembros del W3C en el Territorio del Chapter. Tanto a los miembros cuya sede est\u00e1 en el territorio como a los representantes locales de los miembros globales del W3C<\/li><li>Facilitar informaci\u00f3n al W3C sobre cuestiones regionales (por ejemplo, en apoyo de los esfuerzos de internacionalizaci\u00f3n o accesibilidad del W3C);<\/li><li>Promover la adopci\u00f3n de las Recomendaciones del W3C, prestando especial atenci\u00f3n a las lenguas y culturas locales;<\/li><li>Ampliar la participaci\u00f3n para incluir a m\u00e1s partes interesadas del territorio asignado.<\/li><\/ul>\n\n\n\n<p>Un cap\u00edtulo puede tener designado un evangelista para reclutar miembros y participantes del W3C en su regi\u00f3n. Estos evangelistas trabajan con los evangelistas globales seg\u00fan sea el caso, y seg\u00fan lo determine el l\u00edder de desarrollo empresarial global del W3C. Como tal, se espera que un cap\u00edtulo trabaje con cualquier evangelista del W3C que tenga responsabilidades de reclutamiento en su territorio.<\/p>\n\n\n\n<h2 class=\"wp-block-heading\">Actividades<\/h2>\n\n\n\n<p>La actividad principal de los Chapter del W3C es alimentar los contactos con los Miembros del W3C existentes, tanto con Sede en los Territorios del Chapter como con Miembros con presencia en los territorios, mediante la celebraci\u00f3n de reuniones y talleres s\u00f3lo para Miembros, proporcionando un foro para que estos Miembros del W3C trabajen juntos.<\/p>\n\n\n\n<p>Los Chapter del W3C tienen un papel secundario que consiste en construir una comunidad de individuos que, o bien participan actualmente en las actividades del W3C (como Miembros del W3C o participantes de la Comunidad y del Grupo de Negocios) o que tienen un inter\u00e9s profesional en aprender m\u00e1s sobre los est\u00e1ndares del W3C. Ejemplos de estos \u00faltimos podr\u00edan ser desarrolladores web para empresas, acad\u00e9micos que estudian inform\u00e1tica o consultores que tienen contratos para mejorar la presencia web de sus clientes.<\/p>\n\n\n\n<p>Adem\u00e1s, los Chapters del W3C:<\/p>\n\n\n\n<ol class=\"wp-block-list\"><li>Pueden tener una red de Chapters asociados, lo que aumenta su \u00e1mbito de responsabilidad y alcance.<\/li><li>Crean y apoyan redes locales interesadas en las tecnolog\u00edas del W3C, y organizan eventos de educaci\u00f3n y divulgaci\u00f3n y presentaciones generales (por ejemplo, como eventos independientes o vinculados a una conferencia importante).<\/li><li>Patrocinan y apoyan eventos locales centrados en temas del W3C. Esto puede ocurrir contribuyendo con informaci\u00f3n relacionada con el W3C (por ejemplo, proporcionando un ponente, un tema para la conferencia, participando en paneles, dirigiendo un stand, difundiendo folletos), as\u00ed como ofreciendo publicidad adicional al evento a trav\u00e9s de los propios canales de marketing del cap\u00edtulo, que pueden ser aumentados por los canales que el W3C utiliza para la promoci\u00f3n de eventos.<\/li><li>Proporcionan informaci\u00f3n sobre la actividad del W3C a la comunidad local y son el primer punto de contacto para esta comunidad a la hora de abordar cuestiones e inquietudes t\u00e9cnicas relacionadas con el W3C.<\/li><li>Establecen relaciones con las autoridades locales, los organismos gubernamentales, los grupos de usuarios, las distintas comunidades locales (por ejemplo, los grupos de accesibilidad) y la prensa local (general y especializada), representando la posici\u00f3n del W3C, y recogiendo y comprendiendo las cuestiones locales de inter\u00e9s para el W3C.<\/li><li>Trabajan con los evangelistas del W3C que tengan su chapter territorial dentro del \u00e1rea de cobertura del evangelista para identificar los contactos clave para el mismo.<\/li><\/ol>\n","protected":false},"excerpt":{"rendered":"<p>Funciones Adem\u00e1s de aumentar la diversidad de organizaciones que participan activamente en el trabajo del W3C (incluyendo la industria, la investigaci\u00f3n, los implementadores y las comunidades de usuarios), las funciones [&hellip;]<\/p>\n","protected":false},"author":26,"featured_media":0,"parent":0,"menu_order":0,"comment_status":"closed","ping_status":"closed","template":"","meta":{"_uag_custom_page_level_css":"","footnotes":""},"class_list":["post-146","page","type-page","status-publish","hentry"],"uagb_featured_image_src":{"full":false,"thumbnail":false,"medium":false,"medium_large":false,"large":false,"1536x1536":false,"2048x2048":false,"post-thumbnail":false,"twentytwenty-fullscreen":false},"uagb_author_info":{"display_name":"W3C Spanish","author_link":"https:\/\/chapters.w3.org\/hispano\/author\/lmeijuei\/"},"uagb_comment_info":0,"uagb_excerpt":"Funciones Adem\u00e1s de aumentar la diversidad de organizaciones que participan activamente en el trabajo del W3C (incluyendo la industria, la investigaci\u00f3n, los implementadores y las comunidades de usuarios), las funciones [&hellip;]","_links":{"self":[{"href":"https:\/\/chapters.w3.org\/hispano\/wp-json\/wp\/v2\/pages\/146","targetHints":{"allow":["GET"]}}],"collection":[{"href":"https:\/\/chapters.w3.org\/hispano\/wp-json\/wp\/v2\/pages"}],"about":[{"href":"https:\/\/chapters.w3.org\/hispano\/wp-json\/wp\/v2\/types\/page"}],"author":[{"embeddable":true,"href":"https:\/\/chapters.w3.org\/hispano\/wp-json\/wp\/v2\/users\/26"}],"replies":[{"embeddable":true,"href":"https:\/\/chapters.w3.org\/hispano\/wp-json\/wp\/v2\/comments?post=146"}],"version-history":[{"count":4,"href":"https:\/\/chapters.w3.org\/hispano\/wp-json\/wp\/v2\/pages\/146\/revisions"}],"predecessor-version":[{"id":232,"href":"https:\/\/chapters.w3.org\/hispano\/wp-json\/wp\/v2\/pages\/146\/revisions\/232"}],"wp:attachment":[{"href":"https:\/\/chapters.w3.org\/hispano\/wp-json\/wp\/v2\/media?parent=146"}],"curies":[{"name":"wp","href":"https:\/\/api.w.org\/{rel}","templated":true}]}}