{"id":106,"date":"2021-04-14T14:01:05","date_gmt":"2021-04-14T12:01:05","guid":{"rendered":"https:\/\/chapters.w3.org\/spain\/?page_id=106"},"modified":"2023-06-20T17:42:54","modified_gmt":"2023-06-20T15:42:54","slug":"hispanic-america-chapters","status":"publish","type":"page","link":"https:\/\/chapters.w3.org\/hispano\/hispanic-america-chapters\/","title":{"rendered":"Chapters y Miembros"},"content":{"rendered":"\n<h2 class=\"wp-block-heading\" id=\"chapters-es\">Chapters<\/h2>\n\n\n\n<p class=\"has-background\" style=\"background-color:#ffff99\"><strong>Chapter Costa Rica<\/strong> \ud83c\udde8\ud83c\uddf7<br>Contacto: Mario Chac\u00f3n &lt;<a href=\"https:\/\/chapters.w3.org\/hispano\/contacto-cr\">enviar mensaje<\/a>&gt;, Cartago<br><sup><strong><span style=\"color:#999999\" class=\"has-inline-color\">Instituto Tecnol\u00f3gico de Costa Rica<\/span><\/strong><\/sup><\/p>\n\n\n\n<blockquote class=\"wp-block-quote is-layout-flow wp-block-quote-is-layout-flow\">\n<p>Si desea convertirse en un Chapter asociado al W3C Hispano, consulte por favor la informaci\u00f3n sobre los <a href=\"https:\/\/chapters.w3.org\/hispano\/requisitos\/\">requisitos<\/a> para serlo y <a href=\"https:\/\/chapters.w3.org\/spain\/contact\/\">cont\u00e1ctenos<\/a> para iniciar el debate con el W3C sobre dicha posibilidad.<\/p>\n<\/blockquote>\n\n\n\n<p class=\"has-background\" style=\"background-color:#ccffff\"><strong><strong>Evangelist de W3C Hispano en Per\u00fa <\/strong>\ud83c\uddf5\ud83c\uddea<\/strong><br>Contacto: Jos\u00e9 Antonio Casas &lt;<a href=\"https:\/\/chapters.w3.org\/hispano\/contacto-pe\">enviar mensaje<\/a>&gt;, Lima<\/p>\n\n\n\n<p class=\"has-background\" style=\"background-color:#ccffff\"><strong><strong><strong>Evangelist de W3C en Espa\u00f1a<\/strong><\/strong><\/strong> <strong>\ud83c\uddea\ud83c\uddf8<\/strong><br>Contacto: Luis Meijueiro &lt;<a href=\"https:\/\/chapters.w3.org\/hispano\/contact\">enviar mensaje<\/a>&gt;, Gij\u00f3n<br><sup><strong><span style=\"color:#999999\" class=\"has-inline-color\">CTIC Centro Tecnol\u00f3gico<\/span><\/strong><\/sup><\/p>\n\n\n\n<p>Tambi\u00e9n puede consultar el <a href=\"https:\/\/chapters.w3.org\/directory\/\">directorio mundial<\/a> para ver todos los chapters W3C existentes.<\/p>\n\n\n\n<h2 class=\"wp-block-heading\" id=\"miembros-es\">Miembros<\/h2>\n\n\n\n<p>Cada organizaci\u00f3n miembro participa en el Comit\u00e9 Asesor, supervisando el trabajo del W3C, y habitualmente parte del personal t\u00e9cnico de la organizaci\u00f3n colabora en alguno de los grupos de trabajo y grupos de inter\u00e9s. A continuaci\u00f3n encontrar\u00e1 los miembros W3C de la regi\u00f3n geogr\u00e1fica formada por los pa\u00edses hispanohablantes.<\/p>\n\n\n\n<h3 class=\"wp-block-heading\">Empresas<\/h3>\n\n\n\n<ul class=\"wp-block-list\">\n<li><strong><a href=\"https:\/\/www.gft.com\">GFT IT Consulting<\/a> <\/strong>(Madrid, Espa\u00f1a)<\/li>\n\n\n\n<li><strong><a href=\"https:\/\/www.gtila.com\">Global Teams Internacional Latinoamerica<\/a> <\/strong>(San Jos\u00e9, Costa Rica)<\/li>\n\n\n\n<li><strong><a rel=\"noreferrer noopener\" href=\"https:\/\/www.glocalqs.com\/\" target=\"_blank\">Glocal Quality Solutions<\/a> <\/strong>(M\u00e1laga, Espa\u00f1a)<\/li>\n\n\n\n<li><strong><a href=\"https:\/\/www.igalia.com\/\">Igalia<\/a> <\/strong>(A Coru\u00f1a, Espa\u00f1a)<\/li>\n\n\n\n<li><strong><a href=\"https:\/\/santillana.es\">Santillana Global<\/a> <\/strong>(Madrid, Espa\u00f1a)<\/li>\n\n\n\n<li><strong><a rel=\"noreferrer noopener\" href=\"https:\/\/www.wiris.com\/\" target=\"_blank\">WIRIS Science<\/a><\/strong> (Barcelona, Espa\u00f1a)<\/li>\n<\/ul>\n\n\n\n<h3 class=\"wp-block-heading\">Fundaciones y Universidades<\/h3>\n\n\n\n<ul class=\"wp-block-list\">\n<li><strong><a href=\"http:\/\/www.biscaytik.eus\">Fundaci\u00f3n BiscayTIK<\/a> <\/strong>(Bizkaia, Espa\u00f1a)<\/li>\n\n\n\n<li><strong><a href=\"https:\/\/www.fundacionctic.org\">Fundaci\u00f3n CTIC<\/a> <\/strong>(Asturias, Espa\u00f1a)<\/li>\n\n\n\n<li><strong><a href=\"https:\/\/www.tec.ac.cr\/\" target=\"_blank\" rel=\"noreferrer noopener\">Instituto Tecnol\u00f3gico de Costa Rica<\/a><\/strong> (Cartago, Costa Rica)<\/li>\n\n\n\n<li><strong><a href=\"https:\/\/uab.cat\">Universidad Aut\u00f3noma de Barcelona<\/a> <\/strong>(Barcelona, Espa\u00f1a)<\/li>\n\n\n\n<li><strong><a href=\"https:\/\/www.upc.edu\">Universidad Polit\u00e9cnica de Catalu\u00f1a<\/a> <\/strong>(Barcelona, Espa\u00f1a)<\/li>\n\n\n\n<li><a href=\"https:\/\/www.upm.es\"><strong>Universidad Polit\u00e9cnica de Madrid <\/strong><\/a>(Madrid, Espa\u00f1a)<\/li>\n<\/ul>\n\n\n\n<h3 class=\"wp-block-heading\">Administraciones P\u00fablicas<\/h3>\n\n\n\n<ul class=\"wp-block-list\">\n<li><strong><a href=\"https:\/\/www.zaragoza.es\">Ayuntamiento de Zaragoza<\/a> <\/strong>(Zaragoza, Espa\u00f1a)<\/li>\n\n\n\n<li><strong><a href=\"https:\/\/www.asturias.es\">Gobierno del Principado de Asturias<\/a> <\/strong>(Asturias, Espa\u00f1a)<\/li>\n\n\n\n<li><strong><a href=\"https:\/\/www.irekia.euskadi.eus\">Gobierno Vasco &#8211; Irekia<\/a> <\/strong>(\u00c1lava, Espa\u00f1a)<\/li>\n\n\n\n<li><strong><a href=\"https:\/\/www.hacienda.gob.es\">Ministerio de Hacienda y Funci\u00f3n P\u00fablica<\/a> <\/strong>(Madrid, Espa\u00f1a)<\/li>\n<\/ul>\n\n\n\n<blockquote class=\"wp-block-quote is-layout-flow wp-block-quote-is-layout-flow\">\n<p>Si desea ser miembro del W3C, consulte la informaci\u00f3n acerca del <a href=\"https:\/\/www.w3.org\/Consortium\/join\">proceso de solicitud<\/a> (en ingl\u00e9s) y <a href=\"https:\/\/chapters.w3.org\/spain\/contact\/\">cont\u00e1ctenos<\/a> para ayudarle con el mismo.<\/p>\n<\/blockquote>\n","protected":false},"excerpt":{"rendered":"<p>Chapters Chapter Costa Rica \ud83c\udde8\ud83c\uddf7Contacto: Mario Chac\u00f3n &lt;enviar mensaje&gt;, CartagoInstituto Tecnol\u00f3gico de Costa Rica Si desea convertirse en un Chapter asociado al W3C Hispano, consulte por favor la informaci\u00f3n sobre [&hellip;]<\/p>\n","protected":false},"author":26,"featured_media":0,"parent":0,"menu_order":0,"comment_status":"closed","ping_status":"closed","template":"templates\/template-full-width.php","meta":{"_uag_custom_page_level_css":"","footnotes":""},"class_list":["post-106","page","type-page","status-publish","hentry"],"uagb_featured_image_src":{"full":false,"thumbnail":false,"medium":false,"medium_large":false,"large":false,"1536x1536":false,"2048x2048":false,"post-thumbnail":false,"twentytwenty-fullscreen":false},"uagb_author_info":{"display_name":"W3C Spanish","author_link":"https:\/\/chapters.w3.org\/hispano\/author\/lmeijuei\/"},"uagb_comment_info":0,"uagb_excerpt":"Chapters Chapter Costa Rica \ud83c\udde8\ud83c\uddf7Contacto: Mario Chac\u00f3n &lt;enviar mensaje&gt;, CartagoInstituto Tecnol\u00f3gico de Costa Rica Si desea convertirse en un Chapter asociado al W3C Hispano, consulte por favor la informaci\u00f3n sobre [&hellip;]","_links":{"self":[{"href":"https:\/\/chapters.w3.org\/hispano\/wp-json\/wp\/v2\/pages\/106","targetHints":{"allow":["GET"]}}],"collection":[{"href":"https:\/\/chapters.w3.org\/hispano\/wp-json\/wp\/v2\/pages"}],"about":[{"href":"https:\/\/chapters.w3.org\/hispano\/wp-json\/wp\/v2\/types\/page"}],"author":[{"embeddable":true,"href":"https:\/\/chapters.w3.org\/hispano\/wp-json\/wp\/v2\/users\/26"}],"replies":[{"embeddable":true,"href":"https:\/\/chapters.w3.org\/hispano\/wp-json\/wp\/v2\/comments?post=106"}],"version-history":[{"count":64,"href":"https:\/\/chapters.w3.org\/hispano\/wp-json\/wp\/v2\/pages\/106\/revisions"}],"predecessor-version":[{"id":980,"href":"https:\/\/chapters.w3.org\/hispano\/wp-json\/wp\/v2\/pages\/106\/revisions\/980"}],"wp:attachment":[{"href":"https:\/\/chapters.w3.org\/hispano\/wp-json\/wp\/v2\/media?parent=106"}],"curies":[{"name":"wp","href":"https:\/\/api.w.org\/{rel}","templated":true}]}}