{"id":1021,"date":"2023-07-13T09:52:59","date_gmt":"2023-07-13T07:52:59","guid":{"rendered":"https:\/\/chapters.w3.org\/hispano\/?page_id=1021"},"modified":"2023-07-13T12:57:40","modified_gmt":"2023-07-13T10:57:40","slug":"estandares-y-grupos","status":"publish","type":"page","link":"https:\/\/chapters.w3.org\/hispano\/estandares-y-grupos\/","title":{"rendered":"Est\u00e1ndares y Grupos"},"content":{"rendered":"\n<p class=\"has-large-font-size\">Entre los <a rel=\"noreferrer noopener\" href=\"https:\/\/www.w3.org\/TR\/\" target=\"_blank\">numerosos est\u00e1ndares desarrollados por el W3C<\/a>, se encuentran protocolos y tecnolog\u00edas esenciales para el dise\u00f1o de p\u00e1ginas web, la presentaci\u00f3n de contenidos y la interacci\u00f3n con usuarios.<\/p>\n\n\n\n<p class=\"has-normal-font-size\">A continuaci\u00f3n, se mencionan algunos de dichos est\u00e1ndares y otros m\u00e1s innovadores que ampl\u00edan las posibilidades de la web y mejoran la experiencia de los usuarios. Visite la p\u00e1gina del grupo correspondiente para acceder a m\u00e1s informaci\u00f3n (en ingl\u00e9s), herramientas y otros est\u00e1ndares relacionados.<\/p>\n\n\n\n<div class=\"wp-block-group\"><div class=\"wp-block-group__inner-container is-layout-constrained wp-block-group-is-layout-constrained\">\n<ul class=\"wp-block-list\">\n<li>El est\u00e1ndar <strong>HTML5<\/strong>  facilita un dise\u00f1o web moderno y din\u00e1mico. HTML5 ofrece muchos elementos para estructurar el contenido, mas capacidades multimedia y de interactividad.<\/li>\n<\/ul>\n\n\n\n<p class=\"has-text-align-right has-small-font-size\"><mark style=\"background-color:#c8fafa\" class=\"has-inline-color has-secondary-color\">Para saber m\u00e1s sobre <a href=\"https:\/\/html.spec.whatwg.org\/multipage\/\" target=\"_blank\" rel=\"noreferrer noopener\">HTML5<\/a>, visita el Grupo de Trabajo <a rel=\"noreferrer noopener\" href=\"https:\/\/www.w3.org\/groups\/wg\/htmlwg\/\" target=\"_blank\">HTML Working Group<\/a><\/mark><\/p>\n<\/div><\/div>\n\n\n\n<div class=\"wp-block-group\"><div class=\"wp-block-group__inner-container is-layout-constrained wp-block-group-is-layout-constrained\">\n<ul class=\"wp-block-list\">\n<li>El est\u00e1ndar <strong>CSS<\/strong> estiliza y da vida a los sitios web. Controla colores, fuentes, dise\u00f1o, animaciones y \u00a1crea una experiencia visual impactante en cualquier dispositivo!<\/li>\n<\/ul>\n\n\n\n<p class=\"has-text-align-right has-small-font-size\"><mark style=\"background-color:#c8fafa\" class=\"has-inline-color has-secondary-color\">Para saber m\u00e1s sobre <a href=\"https:\/\/www.w3.org\/TR\/css-2023\/\" target=\"_blank\" rel=\"noreferrer noopener\">CSS<\/a>, visita el Grupo de Trabajo <a rel=\"noreferrer noopener\" href=\"https:\/\/www.w3.org\/groups\/wg\/css\/\" target=\"_blank\">Cascading Style Sheets (CSS) Working Group<\/a><\/mark><\/p>\n<\/div><\/div>\n\n\n\n<div class=\"wp-block-group\"><div class=\"wp-block-group__inner-container is-layout-constrained wp-block-group-is-layout-constrained\">\n<ul class=\"wp-block-list\">\n<li>El est\u00e1ndar <strong>SVG<\/strong> permite crear y mostrar gr\u00e1ficos vectoriales escalables con precisi\u00f3n y calidad en los navegadores. \u00a1Expresa tu creatividad con im\u00e1genes vers\u00e1tiles y adaptables!<\/li>\n<\/ul>\n\n\n\n<p class=\"has-text-align-right has-small-font-size\"><mark style=\"background-color:#c8fafa\" class=\"has-inline-color has-secondary-color\">Para saber m\u00e1s sobre <a href=\"https:\/\/www.w3.org\/TR\/SVG11\/\" target=\"_blank\" rel=\"noreferrer noopener\">SVG<\/a>, visita el Grupo de Trabajo <a href=\"https:\/\/www.w3.org\/groups\/wg\/svg\/\">SVG Working Group<\/a><\/mark><\/p>\n<\/div><\/div>\n\n\n\n<div class=\"wp-block-group\"><div class=\"wp-block-group__inner-container is-layout-constrained wp-block-group-is-layout-constrained\">\n<ul class=\"wp-block-list\">\n<li>El est\u00e1ndar <strong>PNG<\/strong> ofrece un formato de imagen comprimida sin p\u00e9rdida de calidad, ideal para una visualizaci\u00f3n n\u00edtida y optimizada de gr\u00e1ficos en la Web. \u00a1Di adi\u00f3s a las im\u00e1genes borrosas!<\/li>\n<\/ul>\n\n\n\n<p class=\"has-text-align-right has-small-font-size\"><mark style=\"background-color:#c8fafa\" class=\"has-inline-color has-secondary-color\">Para saber m\u00e1s sobre <a href=\"https:\/\/www.w3.org\/TR\/png-3\/\" target=\"_blank\" rel=\"noreferrer noopener\">PNG<\/a>, visita el Grupo de Trabajo <a href=\"https:\/\/www.w3.org\/groups\/wg\/png\/\" target=\"_blank\" rel=\"noreferrer noopener\">Portable Network Graphics (PNG) Working Group<\/a><\/mark><\/p>\n<\/div><\/div>\n\n\n\n<div class=\"wp-block-group\"><div class=\"wp-block-group__inner-container is-layout-constrained wp-block-group-is-layout-constrained\">\n<ul class=\"wp-block-list\">\n<li>El est\u00e1ndar <strong>GeolocationAPI<\/strong> permite acceder a la ubicaci\u00f3n en el navegador para experiencias personalizadas en aplicaciones y servicios Web. \u00a1Explora lugares cercanos con geolocalizaci\u00f3n y recibe indicaciones precisas!<\/li>\n<\/ul>\n\n\n\n<p class=\"has-text-align-right has-small-font-size\"><mark style=\"background-color:#c8fafa\" class=\"has-inline-color has-secondary-color\">Para saber m\u00e1s sobre <a href=\"https:\/\/www.w3.org\/TR\/geolocation\/\" target=\"_blank\" rel=\"noreferrer noopener\">GeolocationAPI<\/a>, visita el Grupo de Trabajo <a href=\"https:\/\/www.w3.org\/groups\/wg\/das\/\" target=\"_blank\" rel=\"noreferrer noopener\">Devices and Sensors Working Group<\/a><\/mark><\/p>\n<\/div><\/div>\n\n\n\n<div class=\"wp-block-group\"><div class=\"wp-block-group__inner-container is-layout-constrained wp-block-group-is-layout-constrained\">\n<ul class=\"wp-block-list\">\n<li>El est\u00e1ndar <strong>Web Share API<\/strong> simplifica el compartir contenido en la Web. Con solo unos clics, puedes compartir enlaces, texto o archivos desde tu aplicaci\u00f3n o sitio web. \u00a1Difunde contenidos m\u00e1s f\u00e1cilmente!<\/li>\n<\/ul>\n\n\n\n<p class=\"has-text-align-right has-small-font-size\"><mark style=\"background-color:#c8fafa\" class=\"has-inline-color has-secondary-color\">Para saber m\u00e1s sobre <a href=\"https:\/\/www.w3.org\/TR\/web-share\/\" target=\"_blank\" rel=\"noreferrer noopener\">Web Share API<\/a>, visita el Grupo de Trabajo <a href=\"https:\/\/www.w3.org\/groups\/wg\/webapps\/\" target=\"_blank\" rel=\"noreferrer noopener\">Web Applications Working Group<\/a><\/mark><\/p>\n<\/div><\/div>\n\n\n\n<div class=\"wp-block-group\"><div class=\"wp-block-group__inner-container is-layout-constrained wp-block-group-is-layout-constrained\">\n<ul class=\"wp-block-list\">\n<li>El est\u00e1ndar <strong>WCAG<\/strong> garantiza la accesibilidad de sitios web y aplicaciones para todas las personas, incluyendo aquellas con discapacidad. \u00a1Merecemos una experiencia web igualitaria y sin barreras!<\/li>\n<\/ul>\n\n\n\n<p class=\"has-text-align-right has-small-font-size\"><mark style=\"background-color:#c8fafa\" class=\"has-inline-color has-secondary-color\">Para saber m\u00e1s sobre <a href=\"https:\/\/www.w3.org\/TR\/WCAG21\/\" target=\"_blank\" rel=\"noreferrer noopener\">WCAG<\/a>, visita el Grupo de Trabajo <a href=\"https:\/\/www.w3.org\/groups\/wg\/ag\/\" target=\"_blank\" rel=\"noreferrer noopener\">Accessibility Guidelines Working Group<\/a><\/mark><\/p>\n<\/div><\/div>\n\n\n\n<div class=\"wp-block-group\"><div class=\"wp-block-group__inner-container is-layout-constrained wp-block-group-is-layout-constrained\">\n<ul class=\"wp-block-list\">\n<li>El est\u00e1ndar <strong>TTML<\/strong> permite crear subt\u00edtulos y descripciones de contenido multimedia en la Web. Con TTML \u00a1mejora la accesibilidad y la experiencia de las personas con discapacidad!<\/li>\n<\/ul>\n\n\n\n<p class=\"has-text-align-right has-small-font-size\"><mark style=\"background-color:#c8fafa\" class=\"has-inline-color has-secondary-color\">Para saber m\u00e1s sobre <a href=\"https:\/\/www.w3.org\/TR\/ttml2\/\" target=\"_blank\" rel=\"noreferrer noopener\">TTML<\/a>, visita el Grupo de Trabajo <a href=\"https:\/\/www.w3.org\/groups\/wg\/timed-text\/\" target=\"_blank\" rel=\"noreferrer noopener\">Timed Text Working Group<\/a><\/mark><\/p>\n<\/div><\/div>\n\n\n\n<div class=\"wp-block-group\"><div class=\"wp-block-group__inner-container is-layout-constrained wp-block-group-is-layout-constrained\">\n<ul class=\"wp-block-list\">\n<li>El est\u00e1ndar <strong>WAI-ARIA<\/strong> facilita a las personas con discapacidad la navegaci\u00f3n y comprensi\u00f3n de los elementos interactivos en la Web.<\/li>\n<\/ul>\n\n\n\n<p class=\"has-text-align-right has-small-font-size\"><mark style=\"background-color:#c8fafa\" class=\"has-inline-color has-secondary-color\">Para saber m\u00e1s sobre <a href=\"https:\/\/www.w3.org\/TR\/wai-aria-1.2\/\" target=\"_blank\" rel=\"noreferrer noopener\">WAI-ARIA<\/a>, visita el Grupo de Trabajo <a href=\"https:\/\/www.w3.org\/groups\/wg\/aria\/\" target=\"_blank\" rel=\"noreferrer noopener\">Accessible Rich Internet Applications Working Group<\/a><\/mark><\/p>\n<\/div><\/div>\n\n\n\n<div class=\"wp-block-group\"><div class=\"wp-block-group__inner-container is-layout-constrained wp-block-group-is-layout-constrained\">\n<ul class=\"wp-block-list\">\n<li>El est\u00e1ndar <strong>Audiobooks<\/strong> convierte la lectura en una experiencia auditiva envolvente. Narraci\u00f3n, marcadores y metadatos, brindan accesibilidad y comodidad para \u00a1disfrutar de la literatura!<\/li>\n<\/ul>\n\n\n\n<p class=\"has-text-align-right has-small-font-size\"><mark style=\"background-color:#c8fafa\" class=\"has-inline-color has-secondary-color\">Para saber m\u00e1s sobre <a href=\"https:\/\/www.w3.org\/TR\/audiobooks\/\" target=\"_blank\" rel=\"noreferrer noopener\">Audiobooks<\/a>, visita el Grupo de Trabajo <a href=\"https:\/\/www.w3.org\/groups\/wg\/publishing\/\" target=\"_blank\" rel=\"noreferrer noopener\">Audiobooks Working Group<\/a><\/mark><\/p>\n<\/div><\/div>\n\n\n\n<div class=\"wp-block-group\"><div class=\"wp-block-group__inner-container is-layout-constrained wp-block-group-is-layout-constrained\">\n<ul class=\"wp-block-list\">\n<li>El est\u00e1ndar <strong>EPUB<\/strong> permite crear libros electr\u00f3nicos accesibles y portables con dise\u00f1o adaptable y contenido enriquecido. Con EPUB disfruta leyendo y \u00a1sum\u00e9rgete en historias y conocimiento sin l\u00edmites!<\/li>\n<\/ul>\n\n\n\n<p class=\"has-text-align-right has-small-font-size\"><mark style=\"background-color:#c8fafa\" class=\"has-inline-color has-secondary-color\">Para saber m\u00e1s sobre <a href=\"https:\/\/www.w3.org\/TR\/epub-33\/\" target=\"_blank\" rel=\"noreferrer noopener\">EPUB<\/a>, visita el Grupo de Trabajo <a href=\"https:\/\/www.w3.org\/groups\/wg\/epub\/\" target=\"_blank\" rel=\"noreferrer noopener\">EPUB 3 Working Group<\/a><\/mark><\/p>\n<\/div><\/div>\n\n\n\n<div class=\"wp-block-group\"><div class=\"wp-block-group__inner-container is-layout-constrained wp-block-group-is-layout-constrained\">\n<ul class=\"wp-block-list\">\n<li>El est\u00e1ndar <strong>JSON-LD<\/strong> permite enriquecer los datos web con contexto y estructura, facilitando la interoperabilidad y su comprensi\u00f3n por las m\u00e1quinas. \u00a1Conecta datos de forma inteligente!<\/li>\n<\/ul>\n\n\n\n<p class=\"has-text-align-right has-small-font-size\"><mark style=\"background-color:#c8fafa\" class=\"has-inline-color has-secondary-color\">Para saber m\u00e1s sobre <a href=\"https:\/\/www.w3.org\/TR\/json-ld11\/\" target=\"_blank\" rel=\"noreferrer noopener\">JSON-LD<\/a>, visita el Grupo de Trabajo <a href=\"https:\/\/www.w3.org\/groups\/wg\/json-ld\/\" target=\"_blank\" rel=\"noreferrer noopener\">JSON-LD Working Group<\/a><\/mark><\/p>\n<\/div><\/div>\n\n\n\n<div class=\"wp-block-group\"><div class=\"wp-block-group__inner-container is-layout-constrained wp-block-group-is-layout-constrained\">\n<ul class=\"wp-block-list\">\n<li>El est\u00e1ndar <strong>DID<\/strong> permite crear Identificadores Descentralizados para una Identidad Digital segura y personal. \u00a1Fortalece tu privacidad recuperando el control sobre tus datos en la Web!<\/li>\n<\/ul>\n\n\n\n<p class=\"has-text-align-right has-small-font-size\"><mark style=\"background-color:#c8fafa\" class=\"has-inline-color has-secondary-color\">Para saber m\u00e1s sobre <a href=\"https:\/\/www.w3.org\/TR\/did-core\/\" target=\"_blank\" rel=\"noreferrer noopener\">DID<\/a>, visita el Grupo de Trabajo <a href=\"https:\/\/www.w3.org\/groups\/wg\/did\/\" target=\"_blank\" rel=\"noreferrer noopener\">Decentralized Identifier Working Group<\/a><\/mark><\/p>\n<\/div><\/div>\n\n\n\n<div class=\"wp-block-group\"><div class=\"wp-block-group__inner-container is-layout-constrained wp-block-group-is-layout-constrained\">\n<ul class=\"wp-block-list\">\n<li>El est\u00e1ndar <strong>VC<\/strong> permite emitir y verificar Credenciales Verificables, asegurando identidades digitales confiables en transacciones y autenticaciones web. \u00a1Mayor seguridad y confianza en las interacciones en l\u00ednea!<\/li>\n<\/ul>\n\n\n\n<p class=\"has-text-align-right has-small-font-size\"><mark style=\"background-color:#c8fafa\" class=\"has-inline-color has-secondary-color\">Para saber m\u00e1s sobre <a href=\"https:\/\/www.w3.org\/TR\/vc-data-model\/\" target=\"_blank\" rel=\"noreferrer noopener\">VC<\/a>, visita el Grupo de Trabajo <a href=\"https:\/\/www.w3.org\/groups\/wg\/vc\/\" target=\"_blank\" rel=\"noreferrer noopener\">Verifiable Credentials Working Group<\/a><\/mark><\/p>\n<\/div><\/div>\n\n\n\n<div class=\"wp-block-group\"><div class=\"wp-block-group__inner-container is-layout-constrained wp-block-group-is-layout-constrained\">\n<ul class=\"wp-block-list\">\n<li>El est\u00e1ndar <strong>Web Authentication API<\/strong> fortalece la seguridad en la Web. Permite la autenticaci\u00f3n segura mediante biometr\u00eda, claves p\u00fablicas y m\u00e1s. Protege tus datos y \u00a1navega con confianza!<\/li>\n<\/ul>\n\n\n\n<p class=\"has-text-align-right has-small-font-size\"><mark style=\"background-color:#c8fafa\" class=\"has-inline-color has-secondary-color\">Para saber m\u00e1s sobre <a href=\"https:\/\/www.w3.org\/TR\/webauthn-2\/\" target=\"_blank\" rel=\"noreferrer noopener\">Web Authentication API<\/a>, visita el Grupo de Trabajo <a href=\"https:\/\/www.w3.org\/groups\/wg\/webauthn\/\" target=\"_blank\" rel=\"noreferrer noopener\">Web Authentication Working Group<\/a><\/mark><\/p>\n<\/div><\/div>\n\n\n\n<div class=\"wp-block-group\"><div class=\"wp-block-group__inner-container is-layout-constrained wp-block-group-is-layout-constrained\">\n<ul class=\"wp-block-list\">\n<li>El est\u00e1ndar <strong>WebAssembly<\/strong> es como un traductor m\u00e1gico para la Web. Convierte el c\u00f3digo a un formato binario eficiente para ejecutar las aplicaciones m\u00e1s r\u00e1pidamente en el navegador. Con WebAssembly \u00a1potencia tus desarrollos web!<\/li>\n<\/ul>\n\n\n\n<p class=\"has-text-align-right has-small-font-size\"><mark style=\"background-color:#c8fafa\" class=\"has-inline-color has-secondary-color\">Para saber m\u00e1s sobre <a href=\"https:\/\/www.w3.org\/TR\/wasm-core-1\/\" target=\"_blank\" rel=\"noreferrer noopener\">WebAssembly<\/a>, visita el Grupo de Trabajo <a href=\"https:\/\/www.w3.org\/groups\/wg\/wasm\/\" target=\"_blank\" rel=\"noreferrer noopener\">WebAssembly Working Group<\/a><\/mark><\/p>\n<\/div><\/div>\n\n\n\n<div class=\"wp-block-group\"><div class=\"wp-block-group__inner-container is-layout-constrained wp-block-group-is-layout-constrained\">\n<ul class=\"wp-block-list\">\n<li>El est\u00e1ndar <strong>WOFF<\/strong> optimiza la carga de fuentes tipogr\u00e1ficas, reduciendo el tama\u00f1o de los archivos de fuentes y acelerando la carga de p\u00e1ginas para mejorar la experiencia web. \u00a1Adi\u00f3s a las fuentes pesadas!<\/li>\n<\/ul>\n\n\n\n<p class=\"has-text-align-right has-small-font-size\"><mark style=\"background-color:#c8fafa\" class=\"has-inline-color has-secondary-color\">Para saber m\u00e1s sobre <a href=\"https:\/\/www.w3.org\/TR\/WOFF2\/\" target=\"_blank\" rel=\"noreferrer noopener\">WOFF<\/a>, visita el Grupo de Trabajo <a href=\"https:\/\/www.w3.org\/groups\/wg\/webfonts\/\" target=\"_blank\" rel=\"noreferrer noopener\">Web Fonts Working Group<\/a><\/mark><\/p>\n<\/div><\/div>\n\n\n\n<div class=\"wp-block-group\"><div class=\"wp-block-group__inner-container is-layout-constrained wp-block-group-is-layout-constrained\">\n<ul class=\"wp-block-list\">\n<li>El est\u00e1ndar <strong>Web of Things<\/strong> mejora la seguridad en dispositivos conectados. \u00a1Privacidad e integridad de datos para el Internet de las Cosas!<\/li>\n<\/ul>\n\n\n\n<p class=\"has-text-align-right has-small-font-size\"><mark style=\"background-color:#c8fafa\" class=\"has-inline-color has-secondary-color\">Para saber m\u00e1s sobre <a href=\"https:\/\/www.w3.org\/TR\/wot-architecture10\/\" target=\"_blank\" rel=\"noreferrer noopener\">WoT<\/a>, visita el Grupo de Trabajo <a href=\"https:\/\/www.w3.org\/groups\/wg\/wot\/\" target=\"_blank\" rel=\"noreferrer noopener\">Web of Things Working Group<\/a><\/mark><\/p>\n<\/div><\/div>\n\n\n\n<div class=\"wp-block-group\"><div class=\"wp-block-group__inner-container is-layout-constrained wp-block-group-is-layout-constrained\">\n<ul class=\"wp-block-list\">\n<li>El est\u00e1ndar <strong>WebXR<\/strong> permite experiencias inmersivas de Realidad Virtual y Realidad Aumentada directamente desde el navegador. \u00a1Sum\u00e9rgete en nuevos mundos, aprende y descubre sin l\u00edmites!<\/li>\n<\/ul>\n\n\n\n<p class=\"has-text-align-right has-small-font-size\"><mark style=\"background-color:#c8fafa\" class=\"has-inline-color has-secondary-color\">Para saber m\u00e1s sobre <a href=\"https:\/\/www.w3.org\/TR\/webxr\/\" target=\"_blank\" rel=\"noreferrer noopener\">WebXR<\/a>, visita el Grupo de Trabajo <a href=\"https:\/\/www.w3.org\/groups\/wg\/immersive-web\/\" target=\"_blank\" rel=\"noreferrer noopener\">Immersive Web Working Group<\/a><\/mark><\/p>\n<\/div><\/div>\n\n\n\n<div class=\"wp-block-group\"><div class=\"wp-block-group__inner-container is-layout-constrained wp-block-group-is-layout-constrained\">\n<ul class=\"wp-block-list\">\n<li>El est\u00e1ndar <strong>WebRTC<\/strong> permite la comunicaci\u00f3n en tiempo real y la transmisi\u00f3n de audio y video directamente en el navegador. Con WebRTC \u00a1conecta y comun\u00edcate de forma instant\u00e1nea sin plugins adicionales!<\/li>\n<\/ul>\n\n\n\n<p class=\"has-text-align-right has-small-font-size\"><mark style=\"background-color:#c8fafa\" class=\"has-inline-color has-secondary-color\">Para saber m\u00e1s sobre <a href=\"https:\/\/www.w3.org\/TR\/webrtc\/\" target=\"_blank\" rel=\"noreferrer noopener\">WebRTC<\/a>, visita el Grupo de Trabajo <a href=\"https:\/\/www.w3.org\/groups\/wg\/webrtc\/\" target=\"_blank\" rel=\"noreferrer noopener\">Web Real-Time Communications Working Group<\/a><\/mark><\/p>\n<\/div><\/div>\n\n\n\n<div class=\"wp-block-group\"><div class=\"wp-block-group__inner-container is-layout-constrained wp-block-group-is-layout-constrained\">\n<ul class=\"wp-block-list\">\n<li>El est\u00e1ndar <strong>Web Audio API<\/strong> ofrece un mundo de posibilidades sonoras en la Web. Controla y mezcla sonidos, crea efectos y m\u00fasica interactiva con precisi\u00f3n. Con Web Audio API \u00a1da vida a tus proyectos multimedia!<\/li>\n<\/ul>\n\n\n\n<p class=\"has-text-align-right has-small-font-size\"><mark style=\"background-color:#c8fafa\" class=\"has-inline-color has-secondary-color\">Para saber m\u00e1s sobre <a href=\"https:\/\/www.w3.org\/TR\/webaudio\/\" target=\"_blank\" rel=\"noreferrer noopener\">Web Audio API<\/a>, visita el Grupo de Trabajo <a href=\"https:\/\/www.w3.org\/groups\/wg\/audio\/\" target=\"_blank\" rel=\"noreferrer noopener\">Audio Working Group<\/a><\/mark><\/p>\n<\/div><\/div>\n\n\n\n<div class=\"wp-block-group\"><div class=\"wp-block-group__inner-container is-layout-constrained wp-block-group-is-layout-constrained\">\n<ul class=\"wp-block-list\">\n<li>El est\u00e1ndar <strong>DCAT<\/strong> facilita la descripci\u00f3n y el intercambio de conjuntos de datos en la Web, al organizar metadatos como t\u00edtulo, autor y licencia. \u00a1Mejora la descubribilidad de datos abiertos y su reutilizaci\u00f3n!<\/li>\n<\/ul>\n\n\n\n<p class=\"has-text-align-right has-small-font-size\"><mark style=\"background-color:#c8fafa\" class=\"has-inline-color has-secondary-color\">Para saber m\u00e1s sobre <a href=\"https:\/\/www.w3.org\/TR\/vocab-dcat-2\/\" target=\"_blank\" rel=\"noreferrer noopener\">DCAT<\/a>, visita el Grupo de Trabajo <a href=\"https:\/\/www.w3.org\/groups\/wg\/dx\/\" target=\"_blank\" rel=\"noreferrer noopener\">Dataset Exchange Working Group<\/a><\/mark><\/p>\n<\/div><\/div>\n\n\n\n<div class=\"wp-block-group\"><div class=\"wp-block-group__inner-container is-layout-constrained wp-block-group-is-layout-constrained\">\n<ul class=\"wp-block-list\">\n<li>El est\u00e1ndar <strong>Payment Method Identifiers<\/strong> simplifica y unifica los m\u00e9todos de pago en l\u00ednea, facilitando realizar compras seguras y r\u00e1pidas. \u00a1Adi\u00f3s a teclear los datos de tu tarjeta una y otra vez!<\/li>\n<\/ul>\n\n\n\n<p class=\"has-text-align-right has-small-font-size\"><mark style=\"background-color:#c8fafa\" class=\"has-inline-color has-secondary-color\">Para saber m\u00e1s sobre <a href=\"https:\/\/www.w3.org\/TR\/payment-method-id\/\" target=\"_blank\" rel=\"noreferrer noopener\">Payment Method Identifiers<\/a>, visita el Grupo de Trabajo <a rel=\"noreferrer noopener\" href=\"https:\/\/www.w3.org\/groups\/wg\/payments\/\" target=\"_blank\">Web Payments Working Group<\/a><\/mark><\/p>\n<\/div><\/div>\n\n\n\n<p><\/p>\n\n\n\n<blockquote class=\"wp-block-quote has-text-align-left is-layout-flow wp-block-quote-is-layout-flow\">\n<p>Tambi\u00e9n puedes conocer <strong><a href=\"https:\/\/chapters.w3.org\/hispano\/como-participar\/\">c\u00f3mo participar<\/a><\/strong> en estos y otros Grupos del W3C para trabajar en la mejora y ampliaci\u00f3n de estos est\u00e1ndares, as\u00ed como en la propuesta y creaci\u00f3n de otros nuevos.<\/p>\n<\/blockquote>\n","protected":false},"excerpt":{"rendered":"<p>Entre los numerosos est\u00e1ndares desarrollados por el W3C, se encuentran protocolos y tecnolog\u00edas esenciales para el dise\u00f1o de p\u00e1ginas web, la presentaci\u00f3n de contenidos y la interacci\u00f3n con usuarios. A [&hellip;]<\/p>\n","protected":false},"author":26,"featured_media":0,"parent":0,"menu_order":0,"comment_status":"closed","ping_status":"closed","template":"templates\/template-full-width.php","meta":{"_uag_custom_page_level_css":"","footnotes":""},"class_list":["post-1021","page","type-page","status-publish","hentry"],"uagb_featured_image_src":{"full":false,"thumbnail":false,"medium":false,"medium_large":false,"large":false,"1536x1536":false,"2048x2048":false,"post-thumbnail":false,"twentytwenty-fullscreen":false},"uagb_author_info":{"display_name":"W3C Spanish","author_link":"https:\/\/chapters.w3.org\/hispano\/author\/lmeijuei\/"},"uagb_comment_info":0,"uagb_excerpt":"Entre los numerosos est\u00e1ndares desarrollados por el W3C, se encuentran protocolos y tecnolog\u00edas esenciales para el dise\u00f1o de p\u00e1ginas web, la presentaci\u00f3n de contenidos y la interacci\u00f3n con usuarios. A [&hellip;]","_links":{"self":[{"href":"https:\/\/chapters.w3.org\/hispano\/wp-json\/wp\/v2\/pages\/1021","targetHints":{"allow":["GET"]}}],"collection":[{"href":"https:\/\/chapters.w3.org\/hispano\/wp-json\/wp\/v2\/pages"}],"about":[{"href":"https:\/\/chapters.w3.org\/hispano\/wp-json\/wp\/v2\/types\/page"}],"author":[{"embeddable":true,"href":"https:\/\/chapters.w3.org\/hispano\/wp-json\/wp\/v2\/users\/26"}],"replies":[{"embeddable":true,"href":"https:\/\/chapters.w3.org\/hispano\/wp-json\/wp\/v2\/comments?post=1021"}],"version-history":[{"count":59,"href":"https:\/\/chapters.w3.org\/hispano\/wp-json\/wp\/v2\/pages\/1021\/revisions"}],"predecessor-version":[{"id":1082,"href":"https:\/\/chapters.w3.org\/hispano\/wp-json\/wp\/v2\/pages\/1021\/revisions\/1082"}],"wp:attachment":[{"href":"https:\/\/chapters.w3.org\/hispano\/wp-json\/wp\/v2\/media?parent=1021"}],"curies":[{"name":"wp","href":"https:\/\/api.w.org\/{rel}","templated":true}]}}