{"id":92,"date":"2020-12-03T14:31:24","date_gmt":"2020-12-03T13:31:24","guid":{"rendered":"https:\/\/chapters.w3.org\/germany\/?page_id=92"},"modified":"2021-01-21T16:16:50","modified_gmt":"2021-01-21T15:16:50","slug":"mitglied-werden","status":"publish","type":"page","link":"https:\/\/chapters.w3.org\/germany\/mitglied-werden\/","title":{"rendered":"Mitglied werden!"},"content":{"rendered":"\n<p>Eine Mitgliedschaft im W3C bietet Unternehmen und Organisationen die M\u00f6glichkeit, sich an der Entwicklung zentraler Web-Technologien zu beteiligen und in den Austausch mit f\u00fchrenden Vertretern aus Industrie und Forschung zu treten.<br><\/p>\n\n\n\n<p>Unsere Mitglieder geben an, dass ihnen folgende Punkte wichtig sind:&nbsp;<\/p>\n\n\n\n<ul class=\"wp-block-list\"><li><strong>Interaktion:<\/strong> Die M\u00f6glichkeit, direkt mit den f\u00fchrenden Unternehmen, Organisationen und Einzelpersonen in der Web-Community zu interagieren und zu arbeiten;<\/li><\/ul>\n\n\n\n<ul class=\"wp-block-list\"><li><strong>Strategie: <\/strong>Die M\u00f6glichkeit, dem Konsortium durch Vorschl\u00e4ge f\u00fcr W3C-Aktivit\u00e4ten operative Richtlinien und eine strategische Richtung zu geben;<\/li><\/ul>\n\n\n\n<ul class=\"wp-block-list\"><li><strong>Mitwirkung: <\/strong>Die Mitwirkung an W3C-Arbeitsgruppen, Interessengruppen und Unternehmensgruppen, die Web-Technologien gestalten;<\/li><\/ul>\n\n\n\n<ul class=\"wp-block-list\"><li><strong>Leadership:<\/strong> Demonstration von technischem Leadership und die Verpflichtung, die Zukunft der Open-Web-Platform sicherzustellen.<\/li><\/ul>\n\n\n\n<p><strong>Mitgliedsbeitr\u00e4ge<\/strong><\/p>\n\n\n\n<p>Benutzen Sie diesen<a href=\"https:\/\/www.w3.org\/Consortium\/fees\"> Geb\u00fchrenrechner<\/a>, um Ihre j\u00e4hrliche Mitgliedsgeb\u00fchr zu ermitteln.<\/p>\n\n\n\n<p><strong>Haben Sie Fragen zur Mitgliedschaft?<\/strong><\/p>\n\n\n\n<p>Bitte z\u00f6gern Sie nicht, sich bei Fragen zur Mitgliedschaft direkt an das deutsch\/\u00f6sterreichische W3C-Chapter (chapter-germany@w3.org) zu wenden. Sie finden auch Antworten auf Fragen zur Mitgliedschaft auf der<a href=\"https:\/\/www.w3.org\/Consortium\/membership-faq\"> FAQ-Seite<\/a>.<\/p>\n","protected":false},"excerpt":{"rendered":"<p>Eine Mitgliedschaft im W3C bietet Unternehmen und Organisationen die M\u00f6glichkeit, sich an der Entwicklung zentraler Web-Technologien zu beteiligen und in den Austausch mit f\u00fchrenden Vertretern aus Industrie und Forschung zu [&hellip;]<\/p>\n","protected":false},"author":25,"featured_media":0,"parent":0,"menu_order":0,"comment_status":"closed","ping_status":"closed","template":"","meta":{"_uag_custom_page_level_css":"","footnotes":""},"class_list":["post-92","page","type-page","status-publish","hentry"],"uagb_featured_image_src":{"full":false,"thumbnail":false,"medium":false,"medium_large":false,"large":false,"1536x1536":false,"2048x2048":false,"post-thumbnail":false,"twentytwenty-fullscreen":false},"uagb_author_info":{"display_name":"W3C-Chapter Deutschland und \u00d6sterreich","author_link":"https:\/\/chapters.w3.org\/germany\/author\/andreas\/"},"uagb_comment_info":0,"uagb_excerpt":"Eine Mitgliedschaft im W3C bietet Unternehmen und Organisationen die M\u00f6glichkeit, sich an der Entwicklung zentraler Web-Technologien zu beteiligen und in den Austausch mit f\u00fchrenden Vertretern aus Industrie und Forschung zu [&hellip;]","_links":{"self":[{"href":"https:\/\/chapters.w3.org\/germany\/wp-json\/wp\/v2\/pages\/92","targetHints":{"allow":["GET"]}}],"collection":[{"href":"https:\/\/chapters.w3.org\/germany\/wp-json\/wp\/v2\/pages"}],"about":[{"href":"https:\/\/chapters.w3.org\/germany\/wp-json\/wp\/v2\/types\/page"}],"author":[{"embeddable":true,"href":"https:\/\/chapters.w3.org\/germany\/wp-json\/wp\/v2\/users\/25"}],"replies":[{"embeddable":true,"href":"https:\/\/chapters.w3.org\/germany\/wp-json\/wp\/v2\/comments?post=92"}],"version-history":[{"count":4,"href":"https:\/\/chapters.w3.org\/germany\/wp-json\/wp\/v2\/pages\/92\/revisions"}],"predecessor-version":[{"id":151,"href":"https:\/\/chapters.w3.org\/germany\/wp-json\/wp\/v2\/pages\/92\/revisions\/151"}],"wp:attachment":[{"href":"https:\/\/chapters.w3.org\/germany\/wp-json\/wp\/v2\/media?parent=92"}],"curies":[{"name":"wp","href":"https:\/\/api.w.org\/{rel}","templated":true}]}}