{"id":90,"date":"2020-12-03T14:29:28","date_gmt":"2020-12-03T13:29:28","guid":{"rendered":"https:\/\/chapters.w3.org\/germany\/?page_id=90"},"modified":"2021-01-27T14:08:02","modified_gmt":"2021-01-27T13:08:02","slug":"impressum","status":"publish","type":"page","link":"https:\/\/chapters.w3.org\/germany\/impressum\/","title":{"rendered":"Impressum"},"content":{"rendered":"\n<p><strong>W3C-Chapter f\u00fcr Deutschland und \u00d6sterreich<\/strong><br>c\/o DFKI GmbH<br>Alt-Moabit 91c<br>10559 Berlin<br>Deutschland<\/p>\n\n\n\n<p>Leiter des W3C-Chapter f\u00fcr Deutschland\/\u00d6sterreich: <br>Georg Rehm,&nbsp;<a href=\"mailto:Georg.Rehm@w3.org\">Georg.Rehm@w3.org<\/a><\/p>\n\n\n\n<p><strong>Deutsches Forschungszentrum f\u00fcr K\u00fcnstliche Intelligenz GmbH (DFKI)<\/strong><\/p>\n\n\n\n<p><strong>Briefadresse<\/strong><br>Postfach 20 80<br>67608 Kaiserslautern<br>Deutschland<\/p>\n\n\n\n<p><strong>E-Mail<\/strong>:&nbsp;<a href=\"mailto:info@dfki.de\">info@dfki.de<\/a><br><br><strong>Standort Kaiserslautern<\/strong><br>Trippstadter Str.&nbsp;122<br>67663 Kaiserslautern<br>Deutschland<br>Tel.: +49 631 20575 0<br>Fax: +49 631 20575 5030<br><br><strong>Standort Saarbr\u00fccken<\/strong><br>Campus D3_2<br>Stuhlsatzenhausweg 3<br>66123 Saarbr\u00fccken<br>Deutschland<br>Tel.: +49 681 85775 0<br>Fax: +49 681 85775 5341<br><br><strong>Standort Bremen<\/strong><br>Robert-Hooke-Str.&nbsp;1<br>28359 Bremen<br>Deutschland<br>Tel.: +49 421 17845 0<br>Fax: +49&nbsp; 421 17845 4150<br><br><strong>DFKI Projektb\u00fcro Berlin&nbsp;<\/strong><br>Alt-Moabit 91c<br>10559 Berlin<br>Deutschland<br>Tel.: +49 30 23895 0<\/p>\n\n\n\n<p><br><strong>Vertretungsberechtigter Gesch\u00e4ftsf\u00fchrer<\/strong><br>Prof. Dr. Antonio Kr\u00fcger<br><br><strong>Vorsitzender des Aufsichtsrates<\/strong><br>Dr.-Ing. Gabri\u00ebl Clemens<br><br>Registergericht: Amtsgericht Kaiserslautern<br>Registernummer: HRB 2313<br><br><strong>ID-Nummer:<\/strong>&nbsp;DE 148 646 973<\/p>\n","protected":false},"excerpt":{"rendered":"<p>W3C-Chapter f\u00fcr Deutschland und \u00d6sterreichc\/o DFKI GmbHAlt-Moabit 91c10559 BerlinDeutschland Leiter des W3C-Chapter f\u00fcr Deutschland\/\u00d6sterreich: Georg Rehm,&nbsp;Georg.Rehm@w3.org Deutsches Forschungszentrum f\u00fcr K\u00fcnstliche Intelligenz GmbH (DFKI) BriefadressePostfach 20 8067608 KaiserslauternDeutschland E-Mail:&nbsp;info@dfki.de Standort KaiserslauternTrippstadter [&hellip;]<\/p>\n","protected":false},"author":25,"featured_media":0,"parent":0,"menu_order":0,"comment_status":"closed","ping_status":"closed","template":"","meta":{"_uag_custom_page_level_css":"","footnotes":""},"class_list":["post-90","page","type-page","status-publish","hentry"],"uagb_featured_image_src":{"full":false,"thumbnail":false,"medium":false,"medium_large":false,"large":false,"1536x1536":false,"2048x2048":false,"post-thumbnail":false,"twentytwenty-fullscreen":false},"uagb_author_info":{"display_name":"W3C-Chapter Deutschland und \u00d6sterreich","author_link":"https:\/\/chapters.w3.org\/germany\/author\/andreas\/"},"uagb_comment_info":0,"uagb_excerpt":"W3C-Chapter f\u00fcr Deutschland und \u00d6sterreichc\/o DFKI GmbHAlt-Moabit 91c10559 BerlinDeutschland Leiter des W3C-Chapter f\u00fcr Deutschland\/\u00d6sterreich: Georg Rehm,&nbsp;Georg.Rehm@w3.org Deutsches Forschungszentrum f\u00fcr K\u00fcnstliche Intelligenz GmbH (DFKI) BriefadressePostfach 20 8067608 KaiserslauternDeutschland E-Mail:&nbsp;info@dfki.de Standort KaiserslauternTrippstadter [&hellip;]","_links":{"self":[{"href":"https:\/\/chapters.w3.org\/germany\/wp-json\/wp\/v2\/pages\/90","targetHints":{"allow":["GET"]}}],"collection":[{"href":"https:\/\/chapters.w3.org\/germany\/wp-json\/wp\/v2\/pages"}],"about":[{"href":"https:\/\/chapters.w3.org\/germany\/wp-json\/wp\/v2\/types\/page"}],"author":[{"embeddable":true,"href":"https:\/\/chapters.w3.org\/germany\/wp-json\/wp\/v2\/users\/25"}],"replies":[{"embeddable":true,"href":"https:\/\/chapters.w3.org\/germany\/wp-json\/wp\/v2\/comments?post=90"}],"version-history":[{"count":5,"href":"https:\/\/chapters.w3.org\/germany\/wp-json\/wp\/v2\/pages\/90\/revisions"}],"predecessor-version":[{"id":178,"href":"https:\/\/chapters.w3.org\/germany\/wp-json\/wp\/v2\/pages\/90\/revisions\/178"}],"wp:attachment":[{"href":"https:\/\/chapters.w3.org\/germany\/wp-json\/wp\/v2\/media?parent=90"}],"curies":[{"name":"wp","href":"https:\/\/api.w.org\/{rel}","templated":true}]}}