{"id":108,"date":"2020-12-03T15:14:58","date_gmt":"2020-12-03T14:14:58","guid":{"rendered":"https:\/\/chapters.w3.org\/germany\/?page_id=108"},"modified":"2021-01-26T12:04:40","modified_gmt":"2021-01-26T11:04:40","slug":"mitgliedschaft-faq","status":"publish","type":"page","link":"https:\/\/chapters.w3.org\/germany\/mitgliedschaft-faq\/","title":{"rendered":"Mitgliedschaft &#8211; FAQ"},"content":{"rendered":"\n<ul class=\"wp-block-list\"><li><a href=\"#Wer-kann-Mitglied-werden\"><strong>Wer kann Mitglied im W3C werden?<\/strong><\/a><\/li><li><a href=\"#Welche-Organisationen-sind-Mitglied\"><strong>Welche Organisationen sind bereits Mitglied im W3C?<\/strong><\/a><\/li><li><a href=\"#Tochterorganisation-Anspruch-auf-Mitgliedschaft\"><strong>Hat auch eine Tochterorganisation eines Mitglieds Anspruch auf die Vorteile der W3C-Mitgliedschaft?<\/strong><\/a><\/li><li><a href=\"#Mitgliedschaft-Einzelperson\"><strong>Kann ich dem W3C als Einzelperson beitreten?<\/strong><\/a><\/li><li><a href=\"#Organisation-mit-Mitgliedern\"><strong>Kann eine Organisation, die selbst Mitglieder hat, dem W3C beitreten?<\/strong><\/a><\/li><li><a href=\"#Rolle-W3C-Advisory-Committee\"><strong>Was ist die Rolle eines W3C Advisory Committee (AC) Representatives?<\/strong><\/a><\/li><li><a href=\"#Versionen-Mitgliedervereinbarungen\"><strong>Wo finde ich fr\u00fchere Versionen der Mitgliedervereinbarungen?<\/strong><\/a><\/li><li><a href=\"#Spenden\"><strong>Wenn die Mitgliedschaft f\u00fcr mich nicht in Frage kommt, kann ich mich mit Spenden beteiligen?<\/strong><\/a><\/li><li><a href=\"#Beitritt-Forschungsprojekt\"><strong>Kann ein Forschungsprojekt mit mehreren Partnern dem W3C beitreten?<\/strong><\/a><\/li><li><a href=\"#Geb\u00fchr-Besitz-Organisation\"><a href=\"#Beitritt-Termin\"><strong>Wenn eine Organisation im Besitz einer anderen ist, welche Geb\u00fchr gilt dann?<\/strong><\/a><\/li><li><a href=\"#Beitritt-Termin\"><strong>M\u00fcssen Organisationen zu bestimmten Terminen beitreten?<\/strong><\/a><\/li><\/ul>\n\n\n\n<p><\/p>\n\n\n\n<p id=\"Wer-kann-Mitglied-werden\"><strong>Wer kann Mitglied im W3C werden?<\/strong><\/p>\n\n\n\n<p>Die <a href=\"https:\/\/www.w3.org\/Consortium\/membership\">Mitgliedschaft<\/a> im W3C steht allen Organisationen (einschlie\u00dflich kommerzieller, Bildungs- und staatlicher Einrichtungen) und Einzelpersonen offen. Jede Einrichtung, die den Punkten der Mitgliedschaftsvereinbarung zustimmt, kann Mitglied werden. Mitglieder k\u00f6nnen sowohl&nbsp; gewinnorientierte als auch nicht-gewinnorientierte Organisationen sein. Die meisten Mitglieder besch\u00e4ftigen sich intensiv mit Web-Technologien. Sie entwickeln webbasierte Produkte, nutzen Web-Technologien, betreiben Forschung im Web oder entwickeln Spezifikationen, die auf der Arbeit des W3C basieren.<\/p>\n\n\n\n<p id=\"Welche-Organisationen-sind-Mitglied\"><strong>Welche Organisationen sind bereits Mitglied im W3C?<\/strong><\/p>\n\n\n\n<p>Eine Liste der <a href=\"https:\/\/www.w3.org\/Consortium\/Member\/List\">aktuellen W3C-Mitglieder<\/a> ist auf der W3C-Website verf\u00fcgbar.<\/p>\n\n\n\n<p id=\"Tochterorganisation-Anspruch-auf-Mitgliedschaft\"><strong>Hat auch eine Tochterorganisation eines Mitglieds Anspruch auf die Vorteile der W3C-Mitgliedschaft?<\/strong><\/p>\n\n\n\n<p>Ja. Die Vorteile der Mitgliedschaft gelten auch f\u00fcr Tochterorganisationen der Mitglieder. Im Falle von Regierungsbeh\u00f6rden und -abteilungen oder Bildungseinrichtungen wird dies so interpretiert, dass auch Unterbeh\u00f6rden, Abteilungen, Labore usw. eingeschlossen sind. Wenn eine Tochterorganisation von dieser Bestimmung Gebrauch macht, muss die Teilnahme an W3C-Aktivit\u00e4ten \u00fcber den W3C Advisory Committee Representative des Mitglieds koordiniert werden. Autorisierte Teilnehmerinnen und Teilnehmer k\u00f6nnen die Mitgliedsorganisation offiziell vertreten.<\/p>\n\n\n\n<p>Eine Tochterorganisation eines W3C-Mitglieds kann selbst dem W3C beitreten. W\u00e4hrend eine Tochterorganisation, die selbst kein W3C-Mitglied ist, nicht \u00f6ffentlich behaupten darf, dass sie ein W3C-Mitglied ist, kann die Tochterorganisation \u00f6ffentlich angeben, dass sie die Tochterorganisation eines W3C-Mitglieds ist.<\/p>\n\n\n\n<p>Ein Mitglied kann eine Mitarbeiterin oder einen Mitarbeiter einer Tochterorganisation als seinen Advisory Committee Representative benennen. Dies kann der Fall sein, wenn das Mitglied w\u00fcnscht mit Namen aufgef\u00fchrt zu werden, aber eine Tochterorganisation in W3C-Aktivit\u00e4ten involviert ist.<\/p>\n\n\n\n<p id=\"Mitgliedschaft-Einzelperson\"><strong>Kann ich dem W3C als Einzelperson beitreten?<\/strong><\/p>\n\n\n\n<p>Ja, indem Sie dem gleichen Verfahren folgen, das f\u00fcr Organisationen gitt. Das W3C hat keine speziell auf Einzelpersonen zugeschnittene Mitgliedschaftskategorie und -geb\u00fchr. Generell ist der Mitgliedsbeitrag relativ gering im Vergleich zu den Investitionen, die eine Organisation t\u00e4tigt. Unsere Prozesse sind auf die Teilnahme von Organisationen ausgelegt und wir haben nicht die Struktur, um eine gro\u00dfe Anzahl Einzelmitglieder zu betreuen. Die \u00f6ffentliche Beteiligung am W3C ist auf verschiedene Weise m\u00f6glich, nicht nur als individuelles Mitglied. Expert*innen in einem Gebiet k\u00f6nnen Vorsitzende einer Arbeitsgruppe bitten, als als eingeladene*r Expert*in der Arbeitsgruppe beizutreten.<\/p>\n\n\n\n<p id=\"Organisation-mit-Mitgliedern\"><strong>Kann eine Organisation, die selbst Mitglieder hat, dem W3C beitreten?<\/strong><\/p>\n\n\n\n<p>Ja. Die Mitgliedschaft steht anderen Organisationen, die selbst Mitglieder haben, offen. In diesem Fall erstrecken sich die Vorteile der W3C-Mitgliedschaft in der Regel nur auf die Mitarbeiter*innen und F\u00fchrungskr\u00e4fte dieser Organisationen. Die Vorteile flie\u00dfen nicht an die eigenen Mitglieder der Mitgliedsorganisation weiter.<\/p>\n\n\n\n<p id=\"Rolle-W3C-Advisory-Committee\"><strong>Was ist die Rolle eines W3C Advisory Committee (AC) Representatives?<\/strong><\/p>\n\n\n\n<p>Jede W3C-Mitgliedsorganisation hat eine Person als Advisory Committee Representative (AC-Representative). Diese Person sollte genug \u00fcber die Struktur der Mitgliedsorganisation wissen, um detaillierte technische Reviews an die richtige Person weiterzuleiten. Es ist wichtiger, an der Strategieentwicklung Ihrer Organisation beteiligt zu sein, als detailliertes technisches Wissen zu haben.<\/p>\n\n\n\n<p>AC-Representatives erhalten offizielle Mitteilungen des W3C. In ihrer Funktion als \u201cGatekeeper\u201c antworten sie auf W3C-\u201cCalls for Review\u201d, \u201cCalls for Participation\u201d und \u201cCalls for Implementations\u201d sowie auf andere W3C-Ank\u00fcndigungen oder delegieren diese. AC-Representatives nehmen an den halbj\u00e4hrlichen Treffen des Advisory Committees teil und tauschen sich mit anderen AC-Representatives aus. AC-Representatives ernennen Teilnehmer in W3C-Arbeitsgruppen.<\/p>\n\n\n\n<p id=\"Versionen-Mitgliedervereinbarungen\"><strong>Wo finde ich fr\u00fchere Versionen der Mitgliedervereinbarungen?<\/strong><\/p>\n\n\n\n<p>Eine Historie der <a href=\"https:\/\/www.w3.org\/Consortium\/Agreement\/\">W3C-Mitgliedervereinbarungen<\/a> ist auf der W3C-Website verf\u00fcgbar.<\/p>\n\n\n\n<p id=\"Spenden\"><strong>Wenn die Mitgliedschaft f\u00fcr mich nicht in Frage kommt, kann ich mich mit Spenden beteiligen?<\/strong><\/p>\n\n\n\n<p>Ja. \u00dcber das umfassende <a href=\"https:\/\/www.w3.org\/Consortium\/sponsor\/\">Sponsoring-Programm<\/a> des W3C k\u00f6nnen Einzelpersonen und Organisationen den Betrieb des W3C durch finanzielle Beitr\u00e4ge und Sachspenden unterst\u00fctzen. Wir freuen uns \u00fcber Ihre Unterst\u00fctzung.<\/p>\n\n\n\n<p id=\"Beitritt-Forschungsprojekt\"><strong>Kann ein Forschungsprojekt mit mehreren Partnern dem W3C beitreten?<\/strong><\/p>\n\n\n\n<p>Ja. Im Folgenden wird beschrieben, wie der Prozess f\u00fcr die Mitgliedschaft von Projekten ist und wie diese dem W3C beitreten k\u00f6nnen. Das W3C l\u00e4dt auch die Partner eines Projekts herzlich ein, dem W3C als eigenst\u00e4ndige Mitglieder beizutreten. Weitere Informationen \u00fcber die <a href=\"https:\/\/www.w3.org\/participate\/eu-research\">Teilnahme an W3C-Aktivit\u00e4ten durch EU-finanzierte Projekte<\/a> sind verf\u00fcgbar.<\/p>\n\n\n\n<p><strong>A. Besondere Bedingungen f\u00fcr die Mitgliedschaft<\/strong><\/p>\n\n\n\n<p>Voraussetzung f\u00fcr diese Art der Mitgliedschaft ist ein Projekt mit mehreren Partnern, das mit \u00f6ffentlichen Mitteln&nbsp; wird, zeitlich begrenzt ist und juristische Person ist. (wie z.B. ein EU-finanziertes Projekt). Das Projekt wird als &#8222;Mitgliedschaftsorganisation&#8220; betrachtet und die Teilnahme an W3C-Aktivit\u00e4ten wird somit durch <a href=\"https:\/\/www.w3.org\/Consortium\/Process\/organization#MemberBenefits\">Absatz drei des Abschnitts 2.1.1 des Prozessdokuments<\/a> geregelt. In Anbetracht der besonderen Natur solcher Projekte, der Notwendigkeit, den Wert der W3C-Mitgliedschaft zu erhalten, und der Notwendigkeit, die Integrit\u00e4t der W3C-Patentpolitik zu wahren, unterliegen diese Mitgliedschaften den folgenden zus\u00e4tzlichen Bedingungen. (Hinweis: Es gibt keine genaue Definition von &#8222;Projekt&#8220;; das W3C beh\u00e4lt sich das Recht vor, alle derartigen Antr\u00e4ge zu pr\u00fcfen.)<\/p>\n\n\n\n<p><strong>1. Teilnahme<\/strong><\/p>\n\n\n\n<p>1. Gem\u00e4\u00df <a href=\"https:\/\/www.w3.org\/Consortium\/Process\/organization#MemberBenefits\">Abschnitt 2.1.1<\/a> des Prozessdokuments kann der Advisory Committee Representative f\u00fcr das Projekt bis zu vier (oder mehr nach Ermessen des Teams) Personen benennen, die das Projekt in W3C-Gruppen vertreten.<\/p>\n\n\n\n<p>2. Der Advisory Committee Representative f\u00fcr das Projekt ist daf\u00fcr verantwortlich, sicherzustellen, dass Mitgliederprivilegien (einschlie\u00dflich des Zugangs zu vertraulichen Informationen der Mitglieder) nur auf Personen ausgedehnt werden, die aktiv am Projekt teilnehmen, und diese Privilegien zu widerrufen, wenn eine Person nicht mehr am Projekt teilnimmt. Der Advisory Committee Representative f\u00fcr das Projekt ist auch daf\u00fcr verantwortlich, dass die Mitgliederrechte nicht auf andere Personen ausgedehnt werden, die bei den am Projekt beteiligten Einrichtungen besch\u00e4ftigt sind.<\/p>\n\n\n\n<p>3. Jede Person, die als Projektvertreter*in an W3C-Aktivit\u00e4ten teilnehmen m\u00f6chte, muss wesentliche Besch\u00e4ftigungsverh\u00e4ltnisse in \u00dcbereinstimmung mit den W3C-Richtlinien zu Interessenkonflikten (<a href=\"https:\/\/www.w3.org\/Consortium\/Process\/policies#coi\">Abschnitt 3.1.1 des W3C-Prozessdokuments<\/a>) offenlegen. Der oder die Advisory Committee Representative f\u00fcr das Projekt ist f\u00fcr die Sicherstellung dieser Erkl\u00e4rungen verantwortlich.<\/p>\n\n\n\n<p>4. Es gilt die <a href=\"https:\/\/www.w3.org\/Consortium\/Process\/organization.html#MemberRelated\">&#8222;Related Member&#8220;-Bestimmung<\/a> des W3C-Prozessdokuments (Fall drei bez\u00fcglich &#8222;employment contract or consulting contract&#8220;). Diese wirkt sich damit z. B. auf Abstimmungen aus.<\/p>\n\n\n\n<p><strong>2. Patentpolitik<\/strong><\/p>\n\n\n\n<p>1. Advisory Committee Representatives eines W3C-Mitglieds gehen normalerweise patentpolitische Verpflichtungen im Namen der Vertreter des Mitglieds ein. Im Falle eines Projekts wird der Vertreter des Beratenden Ausschusses f\u00fcr das Projekt wahrscheinlich nicht die Befugnis haben, Lizenzverpflichtungen f\u00fcr die Projektteilnehmer auf die gleiche Weise zu erf\u00fcllen (obwohl nichts die Projektteilnehmer daran hindert, Out-of-Band-Vereinbarungen zu erstellen, die den Vertreter des Beratenden Ausschusses ordnungsgem\u00e4\u00df bevollm\u00e4chtigen).<\/p>\n\n\n\n<p>2. Alle Personen, die ein Projekt vertreten, haben die f\u00fcr eingeladene Expert*innen definierten Verpflichtungen der W3C-Patentpolitik. Dar\u00fcber hinaus sollten die Arbeitgeber*innen von Personen, die an einem Projekt teilnehmen, Verpflichtungen zur lizenzgeb\u00fchrenfreien Lizenzierung eingehen, wenn die Mitarbeitenden an einer W3C-Arbeitsgruppe teilnehmen. Wenn eine an einem Projekt teilnehmende Einrichtung sich entscheidet, die W3C-Verpflichtung zur lizenzgeb\u00fchrenfreien Lizenzierung nicht einzugehen, wird der Direktor in der Praxis wahrscheinlich von seiner <a href=\"https:\/\/www.w3.org\/Consortium\/Process\/policies#member-rep\">Befugnis<\/a> Gebrauch machen, die Teilnahme der Mitarbeitenden dieser Einrichtung abzulehnen.<\/p>\n\n\n\n<p><strong>3. Geb\u00fchr und Dauer der Mitgliedschaft<\/strong><\/p>\n\n\n\n<p>1. Die vom Projekt zu zahlende <a href=\"https:\/\/www.w3.org\/Consortium\/fees\">Mitgliedsgeb\u00fchr<\/a> ist die h\u00f6chste, die von einer teilnehmenden Nicht-Mitgliedseinrichtung verlangt w\u00fcrde, wenn sie dem W3C als eigenst\u00e4ndiges Mitglied beitreten w\u00fcrde.<\/p>\n\n\n\n<p>2. Der oder die Managing-Partner*in f\u00fcr das Projekt verpflichtet sich zu einer mindestens einj\u00e4hrigen Mitgliedschaft, es sei denn, die Laufzeit des Projekts (zum Zeitpunkt des Beitritts zum W3C) betr\u00e4gt weniger als ein Jahr. Im Falle eines Projekts mit einer verbleibenden Lebensdauer von weniger als einem Jahr, verpflichtet sich der oder die Managing Partner*in zu einer Mitgliedschaft f\u00fcr die gesamte verbleibende Lebensdauer des Projekts. Es ist nicht m\u00f6glich, einen Bruchteil eines Jahres zu definieren und es gibt keine anteiligen Jahresbeitr\u00e4ge. F\u00fcr alle erg\u00e4nzenden Fragen gilt die \u00fcbliche Mitgliedschaftsvereinbarung.<\/p>\n\n\n\n<p><strong>B. Wie man beitritt<\/strong><\/p>\n\n\n\n<p>1. Bitte setzen Sie sich vor dem Ausf\u00fcllen Ihres Antrags mit dem W3C in <a href=\"https:\/\/www.w3.org\/Consortium\/contact\">Verbindung<\/a>, um uns den Status Ihres Projekts und Ihre Erwartungen an den Beitritt zum W3C mitzuteilen.<\/p>\n\n\n\n<p>2. Um beizutreten, muss es einen oder eine Managing-Partner*in f\u00fcr das (\u00f6ffentlich oder privat finanzierte) Projekt geben, der eine juristische Person ist. Der oder die Managing-Partner*in schlie\u00dft die <a href=\"https:\/\/www.w3.org\/Consortium\/Agreement\/Member-Agreement\">W3C-Mitgliedschaftsvereinbarung<\/a> f\u00fcr das Projekt ab.<\/p>\n\n\n\n<p>3. Im <a href=\"https:\/\/www.w3.org\/Consortium\/application\">Antrag auf Mitgliedschaft<\/a>:<\/p>\n\n\n\n<p>a. Im ersten Abschnitt von Schritt 2 geben Sie den Projektnamen als den Namen an, der in der Liste der W3C-Mitglieder erscheinen wird.<\/p>\n\n\n\n<p>a. Geben Sie im Kommentarfeld von Schritt 3 an, dass es sich um ein Projekt handelt, und geben Sie zus\u00e4tzliche Informationen \u00fcber das Projekt an, einschlie\u00dflich des Namens des Managing Partners.<\/p>\n\n\n\n<p id=\"Geb\u00fchr-Besitz-Organisation\"><strong>Wenn eine Organisation im Besitz einer anderen ist, welche Geb\u00fchr gilt dann?<\/strong><\/p>\n\n\n\n<p>Wenn eine Organisation (nennen wir sie &#8222;A&#8220;) dem W3C beitreten m\u00f6chte und sich zu mehr als 50% im Besitz einer anderen Organisation (&#8222;B&#8220;) befindet, ist der Mitgliedsbeitrag, den &#8222;A&#8220; zahlt, der gr\u00f6\u00dfere der beiden anwendbaren Mitgliedsbeitr\u00e4ge (f\u00fcr &#8222;A&#8220; und &#8222;B&#8220;). Wenn &#8222;B&#8220; den h\u00f6heren Mitgliedsbeitrag zahlen w\u00fcrde, wird daher empfohlen, dass &#8222;B&#8220; beitritt, damit alle seine <a href=\"https:\/\/www.w3.org\/Consortium\/membership-faq#subsidiary\">Tochterorganisationen Zugang zu den W3C-Mitgliedsvorteilen haben<\/a>.<\/p>\n\n\n\n<p id=\"Beitritt-Termin\"><strong>M\u00fcssen Organisationen zu bestimmten Terminen beitreten<\/strong><\/p>\n\n\n\n<p>Nein. Organisationen k\u00f6nnen jederzeit beitreten. Sie k\u00f6nnen mit der Teilnahme an den<\/p>\n\n\n\n<p>W3C-Aktivit\u00e4ten beginnen, sobald das W3C eine unterzeichnete Mitgliedschaftsvereinbarung und die Beitr\u00e4ge f\u00fcr das erste Jahr erhalten hat. Aus verwaltungstechnischen Gr\u00fcnden vereinbaren das Mitglied und das W3C ein Jahresdatum f\u00fcr die Rechnungsstellung, das mit dem Beginn eines Quartals \u00fcbereinstimmt (1. Januar, 1. April, 1. Juli oder 1. Oktober). Eine Organisation kann sich daf\u00fcr entscheiden, die Mitgliedschaft zu aktivieren, sobald sie es w\u00fcnscht, aber die Abrechnung wird auf das n\u00e4chste Quartal zur\u00fcckdatiert. Aus diesem Grund ziehen es einige Organisationen vor, die Aktivierung der Mitgliedschaft bis zum Beginn des folgenden Quartals zu verschieben. Zum Beispiel wird eine Organisation, die dem W3C am 10. April beitritt, wahrscheinlich mit einem Zahlungsjahrestag am 1. April zufrieden sein. Andererseits kann eine Organisation es vorziehen, die Aktivierung der Mitgliedschaft bis zum 1. Oktober hinauszuz\u00f6gern, anstatt am 15. September (nahe dem Ende eines Quartals) zu beginnen, um nicht f\u00fcr 2,5 &#8222;ungenutzte&#8220; Monate zu zahlen.<\/p>\n","protected":false},"excerpt":{"rendered":"<p>Wer kann Mitglied im W3C werden? Welche Organisationen sind bereits Mitglied im W3C? Hat auch eine Tochterorganisation eines Mitglieds Anspruch auf die Vorteile der W3C-Mitgliedschaft? Kann ich dem W3C als [&hellip;]<\/p>\n","protected":false},"author":25,"featured_media":0,"parent":0,"menu_order":0,"comment_status":"closed","ping_status":"closed","template":"","meta":{"_uag_custom_page_level_css":"","footnotes":""},"class_list":["post-108","page","type-page","status-publish","hentry"],"uagb_featured_image_src":{"full":false,"thumbnail":false,"medium":false,"medium_large":false,"large":false,"1536x1536":false,"2048x2048":false,"post-thumbnail":false,"twentytwenty-fullscreen":false},"uagb_author_info":{"display_name":"W3C-Chapter Deutschland und \u00d6sterreich","author_link":"https:\/\/chapters.w3.org\/germany\/author\/andreas\/"},"uagb_comment_info":0,"uagb_excerpt":"Wer kann Mitglied im W3C werden? Welche Organisationen sind bereits Mitglied im W3C? Hat auch eine Tochterorganisation eines Mitglieds Anspruch auf die Vorteile der W3C-Mitgliedschaft? Kann ich dem W3C als [&hellip;]","_links":{"self":[{"href":"https:\/\/chapters.w3.org\/germany\/wp-json\/wp\/v2\/pages\/108","targetHints":{"allow":["GET"]}}],"collection":[{"href":"https:\/\/chapters.w3.org\/germany\/wp-json\/wp\/v2\/pages"}],"about":[{"href":"https:\/\/chapters.w3.org\/germany\/wp-json\/wp\/v2\/types\/page"}],"author":[{"embeddable":true,"href":"https:\/\/chapters.w3.org\/germany\/wp-json\/wp\/v2\/users\/25"}],"replies":[{"embeddable":true,"href":"https:\/\/chapters.w3.org\/germany\/wp-json\/wp\/v2\/comments?post=108"}],"version-history":[{"count":4,"href":"https:\/\/chapters.w3.org\/germany\/wp-json\/wp\/v2\/pages\/108\/revisions"}],"predecessor-version":[{"id":160,"href":"https:\/\/chapters.w3.org\/germany\/wp-json\/wp\/v2\/pages\/108\/revisions\/160"}],"wp:attachment":[{"href":"https:\/\/chapters.w3.org\/germany\/wp-json\/wp\/v2\/media?parent=108"}],"curies":[{"name":"wp","href":"https:\/\/api.w.org\/{rel}","templated":true}]}}