{"id":104,"date":"2020-12-03T15:08:58","date_gmt":"2020-12-03T14:08:58","guid":{"rendered":"https:\/\/chapters.w3.org\/germany\/?page_id=104"},"modified":"2021-01-26T12:22:36","modified_gmt":"2021-01-26T11:22:36","slug":"teilnahmeingruppen","status":"publish","type":"page","link":"https:\/\/chapters.w3.org\/germany\/teilnahmeingruppen\/","title":{"rendered":"Teilnahme in Gruppen \u2013 FAQ"},"content":{"rendered":"\n<ul class=\"wp-block-list\"><li><a href=\"#Beteiligung-Einzelperson\"><strong>Kann ich mich &#8222;als Einzelperson&#8220; im W3C beteiligen?<\/strong><\/a><\/li><li><a href=\"#W3C-Konto\"><strong>Wie kann ich mein W3C-Konto beantragen oder \u00e4ndern?<\/strong><\/a><\/li><li><a href=\"#W3C-Mitglied-Teilnahme-an-Arbeitsgruppe\"><strong>Kann ein W3C-Mitglied an jeder Arbeitsgruppe teilnehmen?<\/strong><\/a><\/li><li><a href=\"#Anzahl-Teilnehmer-Arbeitsgruppe\"><strong>Wie viele Teilnehmer kann ein Mitglied in einer Arbeitsgruppe haben?<\/strong><\/a><\/li><li><a href=\"#Teilnahmeerwartungen-in-Arbeitsgruppen\"><strong>Was sind die \u00fcblichen Teilnahmeerwartungen, wenn man Teil einer Arbeitsgruppe ist?<\/strong><\/a><\/li><li><a href=\"#Beitritt-Arbeitsgruppe-Interessengruppe\"><strong>Wie kann ich einer Arbeits- oder Interessengruppe beitreten?<\/strong><\/a><\/li><li><a href=\"#Beitritt-Community-oder-Business-Group\"><strong>Wie trete ich einer Community oder Business Group bei?<\/strong><\/a><\/li><li><a href=\"#F\u00f6rderung-von-Beteiligung\"><strong>Wie f\u00f6rdert das W3C die internationale Beteiligung?<\/strong><\/a><\/li><li><a href=\"#Richtlinien-Erhaltung-des-Arbeitsumfelds\"><strong>Verf\u00fcgt das W3C \u00fcber Richtlinien zur Erhaltung eines positiven Arbeitsumfelds?<\/strong><\/a><\/li><li><a href=\"#Teilnahme-EU-Projekte\"><strong>Wie k\u00f6nnen EU-finanzierte Projekte am W3C teilnehmen?<\/strong><\/a><\/li><\/ul>\n\n\n\n<p id=\"Beteiligung-Einzelperson\"><strong>Kann ich mich &#8222;als Einzelperson&#8220; im W3C beteiligen?<\/strong><\/p>\n\n\n\n<p>Es gibt eine Vielzahl von M\u00f6glichkeiten, sich im <a href=\"https:\/\/www.w3.org\/participate\/\">W3C zu beteiligen<\/a>, darunter die Teilnahme an W3C-Gruppen, <a href=\"https:\/\/www.w3.org\/participate\/implementation\">Code-Entwicklung<\/a>, <a href=\"https:\/\/www.w3.org\/Consortium\/Translation\/Overview.html\">\u00dcbersetzungen<\/a> und die <a href=\"https:\/\/www.w3.org\/participate\/promote\">F\u00f6rderung von Standards<\/a>.<\/p>\n\n\n\n<p>Einzelpersonen, die bei einem <a href=\"https:\/\/www.w3.org\/Consortium\/Member\/List\">W3C-Mitglied<\/a> angestellt sind, sollten sich bez\u00fcglich der Teilnahme an einer Gruppe an den Advisory Committee Representative ihrer Organisation wenden. Beachten Sie, dass Sie als Angestellte*r eines W3C-Mitglieds f\u00fcr die meisten W3C-Gruppen (mit Ausnahme der TAG beispielsweise) als Vertreter*in des Mitglieds in einer Gruppe gelten, insbesondere im Hinblick auf etwaige <a href=\"https:\/\/www.w3.org\/Consortium\/Patent\/\">Verpflichtungen aus der W3C-Patentpolitik<\/a>.Einige Personen, die nicht bei einem W3C-Mitglied angestellt sind, k\u00f6nnen als <a href=\"https:\/\/www.w3.org\/2004\/08\/invexp.html\">&#8222;eingeladene Expert*innen&#8220;<\/a> an einer Arbeits- oder Interessengruppe teilnehmen, aber im allgemeinen Fall unterliegt eine solche Teilnahme der Genehmigung durch den Gruppenvorsitzenden und der Kontaktperson des Teams.<\/p>\n\n\n\n<p id=\"W3C-Konto\"><strong>Wie kann ich mein W3C-Konto beantragen oder \u00e4ndern<\/strong><\/p>\n\n\n\n<p>Personen, die an W3C-Aktivit\u00e4ten teilnehmen, k\u00f6nnen ein <a href=\"https:\/\/www.w3.org\/Help\/Account\/\">Konto \u00fcber ein Online-Formular beantragen <\/a>oder ihr <a href=\"https:\/\/www.w3.org\/Systems\/db\/userInfo\">bestehendes Konto \u00e4ndern<\/a>.<\/p>\n\n\n\n<p id=\"W3C-Mitglied-Teilnahme-an-Arbeitsgruppe\"><strong>Kann ein W3C-Mitglied an jeder Arbeitsgruppe teilnehmen<\/strong><\/p>\n\n\n\n<p>Die Teilnahme an allen Arbeitsgruppe steht jedem W3C-Mitglied offen; dies ist einer <a href=\"https:\/\/www.w3.org\/Consortium\/membership-benefits.html\">der Vorteile der Mitgliedschaft<\/a>.&nbsp; Die Ausnahme hiervon ist, dass Organisationen, die dem W3C im Rahmen des \u201cIntroductory Industry Membership Program\u201d beigetreten sind, nur an der einer Interessensgruppe teilnehmen k\u00f6nnen, die w\u00e4hrend des Mitgliedschaftsantrags vereinbart wurde. Teilnehmer der Business Groups und Community Groups sind nicht dazu berechtigt, an Arbeitsgruppen teilzunehmen.<\/p>\n\n\n\n<p id=\"Anzahl-Teilnehmer-Arbeitsgruppe\"><strong>Wie viele Teilnehmer kann ein Mitglied in einer Arbeitsgruppe haben?<\/strong><\/p>\n\n\n\n<p>Die Anzahl der Teilnehmer*innen, die Sie in einer Gruppe haben k\u00f6nnen, wird durch die Gruppencharta und die Ressourcengrenzen Ihrer eigenen Organisation bestimmt. Der W3C-Prozess selbst sieht keine Begrenzung vor.<\/p>\n\n\n\n<p id=\"Teilnahmeerwartungen-in-Arbeitsgruppen\"><strong>Was sind die \u00fcblichen Teilnahmeerwartungen, wenn man Teil einer Arbeitsgruppe ist?<\/strong><\/p>\n\n\n\n<p>Die Charta legt die Erwartungen an die Teilnahme fest. F\u00fcr viele Gruppen bedeutet die Teilnahme die Teilnahme an einer w\u00f6chentlichen Telefonkonferenz, die Teilnahme an pers\u00f6nlichen Treffen an verschiedenen Orten mehrmals im Jahr, die Teilnahme an der technischen Plenarwoche (einmal im Jahr) und das Verfolgen der Diskussionen auf der Mailingliste. Das W3C begr\u00fc\u00dft es, wenn Teilnehmer bei der Bearbeitung von Dokumenten des \u201cRecommendation Tracks\u201d helfen. Das Prozessdokument enth\u00e4lt weitere <a href=\"https:\/\/www.w3.org\/Consortium\/Process\/#GAGeneral\">Informationen \u00fcber die Teilnahme an Gruppen<\/a>.<\/p>\n\n\n\n<p id=\"Beitritt-Arbeitsgruppe-Interessengruppe\"><strong>Wie kann ich einer Arbeits- oder Interessengruppe beitreten?<\/strong><\/p>\n\n\n\n<p>Bitte lesen Sie die <a href=\"https:\/\/www.w3.org\/participate\/members\">Anweisungen f\u00fcr Mitglieder<\/a> und die <a href=\"https:\/\/www.w3.org\/2004\/08\/invexp.html\">Anweisungen f\u00fcr Nicht-Mitglieder<\/a> (d.h. eingeladene Experten).<\/p>\n\n\n\n<p id=\"Beitritt-Community-oder-Business-Group\"><strong>Wie trete ich einer Community oder Business Group bei?<\/strong><\/p>\n\n\n\n<p>In der Liste der <a href=\"https:\/\/www.w3.org\/community\/groups\/\">aktuellen Gruppen<\/a> gibt es f\u00fcr jede Gruppe einen Button &#8222;Join&#8220;. Um einer Gruppe beitreten zu k\u00f6nnen, m\u00fcssen Sie ein W3C-Konto haben (diese sind frei verf\u00fcgbar). Erfahren Sie mehr \u00fcber <a href=\"http:\/\/www.w3.org\/community\/about\/\">Community und Business Groups<\/a>.<\/p>\n\n\n\n<p id=\"F\u00f6rderung-von-Beteiligung\"><strong>Wie f\u00f6rdert das W3C die internationale Beteiligung?<\/strong><\/p>\n\n\n\n<p>Durch <a href=\"https:\/\/www.w3.org\/2001\/11\/StdLiaison\">Verbindungen<\/a> zu nationalen, regionalen und internationalen Organisationen, <a href=\"https:\/\/www.w3.org\/participate\/Translation\/Overview.html\">\u00dcbersetzungen<\/a>, <a href=\"https:\/\/www.w3.org\/Talks\/\">Vortr\u00e4gen<\/a> auf der ganzen Welt und mehr. Erfahren Sie mehr \u00fcber die <a href=\"https:\/\/www.w3.org\/Consortium\/facts#international\">internationale Beteiligung des W3C<\/a>s.<\/p>\n\n\n\n<p id=\"Richtlinien-Erhaltung-des-Arbeitsumfelds\"><strong>Verf\u00fcgt das W3C \u00fcber Richtlinien zur Erhaltung eines positiven Arbeitsumfelds?<\/strong><\/p>\n\n\n\n<p>Ja. Das W3C hat ein Rahmenwerk f\u00fcr ein <a href=\"https:\/\/www.w3.org\/Consortium\/pwe\">positives Arbeitsumfeld<\/a> entwickelt, das <a href=\"https:\/\/www.w3.org\/Consortium\/cepc\">einen Kodex f\u00fcr Ethik und professionelles Verhalten<\/a> f\u00fcr die W3C-Community enth\u00e4lt, der zu befolgen ist.<\/p>\n\n\n\n<p id=\"Teilnahme-EU-Projekte\"><strong>Wie k\u00f6nnen EU-finanzierte Projekte am W3C teilnehmen?<\/strong><\/p>\n\n\n\n<p>Bitte sehen Sie sich hierf\u00fcr unsere Informationen zur <a href=\"http:\/\/www.w3.org\/participate\/eu-research\">Teilnahme am W3C durch EU-finanzierte Projekte<\/a> an.<\/p>\n","protected":false},"excerpt":{"rendered":"<p>Kann ich mich &#8222;als Einzelperson&#8220; im W3C beteiligen? Wie kann ich mein W3C-Konto beantragen oder \u00e4ndern? Kann ein W3C-Mitglied an jeder Arbeitsgruppe teilnehmen? Wie viele Teilnehmer kann ein Mitglied in [&hellip;]<\/p>\n","protected":false},"author":25,"featured_media":0,"parent":0,"menu_order":0,"comment_status":"closed","ping_status":"closed","template":"","meta":{"_uag_custom_page_level_css":"","footnotes":""},"class_list":["post-104","page","type-page","status-publish","hentry"],"uagb_featured_image_src":{"full":false,"thumbnail":false,"medium":false,"medium_large":false,"large":false,"1536x1536":false,"2048x2048":false,"post-thumbnail":false,"twentytwenty-fullscreen":false},"uagb_author_info":{"display_name":"W3C-Chapter Deutschland und \u00d6sterreich","author_link":"https:\/\/chapters.w3.org\/germany\/author\/andreas\/"},"uagb_comment_info":0,"uagb_excerpt":"Kann ich mich &#8222;als Einzelperson&#8220; im W3C beteiligen? Wie kann ich mein W3C-Konto beantragen oder \u00e4ndern? Kann ein W3C-Mitglied an jeder Arbeitsgruppe teilnehmen? Wie viele Teilnehmer kann ein Mitglied in [&hellip;]","_links":{"self":[{"href":"https:\/\/chapters.w3.org\/germany\/wp-json\/wp\/v2\/pages\/104","targetHints":{"allow":["GET"]}}],"collection":[{"href":"https:\/\/chapters.w3.org\/germany\/wp-json\/wp\/v2\/pages"}],"about":[{"href":"https:\/\/chapters.w3.org\/germany\/wp-json\/wp\/v2\/types\/page"}],"author":[{"embeddable":true,"href":"https:\/\/chapters.w3.org\/germany\/wp-json\/wp\/v2\/users\/25"}],"replies":[{"embeddable":true,"href":"https:\/\/chapters.w3.org\/germany\/wp-json\/wp\/v2\/comments?post=104"}],"version-history":[{"count":7,"href":"https:\/\/chapters.w3.org\/germany\/wp-json\/wp\/v2\/pages\/104\/revisions"}],"predecessor-version":[{"id":162,"href":"https:\/\/chapters.w3.org\/germany\/wp-json\/wp\/v2\/pages\/104\/revisions\/162"}],"wp:attachment":[{"href":"https:\/\/chapters.w3.org\/germany\/wp-json\/wp\/v2\/media?parent=104"}],"curies":[{"name":"wp","href":"https:\/\/api.w.org\/{rel}","templated":true}]}}